{"id":6741,"date":"2022-02-18T14:01:57","date_gmt":"2022-02-18T13:01:57","guid":{"rendered":"https:\/\/efterklang.org\/efterklang-pa-h22-city-expo\/"},"modified":"2022-09-20T11:40:56","modified_gmt":"2022-09-20T09:40:56","slug":"efterklang-pa-h22-city-expo","status":"publish","type":"page","link":"https:\/\/efterklang.org\/sv\/efterklang-pa-h22-city-expo\/","title":{"rendered":"Efterklang p\u00e5 H22 City Expo"},"content":{"rendered":"","protected":false},"excerpt":{"rendered":"","protected":false},"author":6,"featured_media":0,"parent":0,"menu_order":0,"comment_status":"closed","ping_status":"closed","template":"templates\/template-flexible.php","meta":{"_acf_changed":false,"footnotes":""},"class_list":["post-6741","page","type-page","status-publish","hentry"],"acf":[],"yoast_head":"<!-- This site is optimized with the Yoast SEO plugin v22.1 - https:\/\/yoast.com\/wordpress\/plugins\/seo\/ -->\n<title>Efterklang p\u00e5 H22 City Expo - Efterklang<\/title>\n<meta name=\"description\" content=\"Hur l\u00e5ter v\u00e5ra st\u00e4der idag och hur vill vi att v\u00e5ra st\u00e4der ska l\u00e5ta i framtiden? Det \u00e4r fr\u00e5gor vi lyfter genom v\u00e5r medverkan p\u00e5 H22.\" \/>\n<meta name=\"robots\" content=\"index, follow, max-snippet:-1, max-image-preview:large, max-video-preview:-1\" \/>\n<link rel=\"canonical\" href=\"https:\/\/efterklang.org\/efterklang-pa-h22-city-expo\/?lang=sv\" \/>\n<meta property=\"og:locale\" content=\"sv_SE\" \/>\n<meta property=\"og:type\" content=\"article\" \/>\n<meta property=\"og:title\" content=\"Efterklang p\u00e5 H22 City Expo - Efterklang\" \/>\n<meta property=\"og:description\" content=\"Hur l\u00e5ter v\u00e5ra st\u00e4der idag och hur vill vi att v\u00e5ra st\u00e4der ska l\u00e5ta i framtiden? Det \u00e4r fr\u00e5gor vi lyfter genom v\u00e5r medverkan p\u00e5 H22.\" \/>\n<meta property=\"og:url\" content=\"https:\/\/efterklang.org\/efterklang-pa-h22-city-expo\/?lang=sv\" \/>\n<meta property=\"og:site_name\" content=\"Efterklang\" \/>\n<meta property=\"article:modified_time\" content=\"2022-09-20T09:40:56+00:00\" \/>\n<meta name=\"twitter:card\" content=\"summary_large_image\" \/>\n<script type=\"application\/ld+json\" class=\"yoast-schema-graph\">{\"@context\":\"https:\/\/schema.org\",\"@graph\":[{\"@type\":\"WebPage\",\"@id\":\"https:\/\/efterklang.org\/efterklang-pa-h22-city-expo\/?lang=sv\",\"url\":\"https:\/\/efterklang.org\/efterklang-pa-h22-city-expo\/?lang=sv\",\"name\":\"Efterklang p\u00e5 H22 City Expo - Efterklang\",\"isPartOf\":{\"@id\":\"https:\/\/efterklang.org\/#website\"},\"datePublished\":\"2022-02-18T13:01:57+00:00\",\"dateModified\":\"2022-09-20T09:40:56+00:00\",\"description\":\"Hur l\u00e5ter v\u00e5ra st\u00e4der idag och hur vill vi att v\u00e5ra st\u00e4der ska l\u00e5ta i framtiden? Det \u00e4r fr\u00e5gor vi lyfter genom v\u00e5r medverkan p\u00e5 H22.\",\"breadcrumb\":{\"@id\":\"https:\/\/efterklang.org\/efterklang-pa-h22-city-expo\/?lang=sv#breadcrumb\"},\"inLanguage\":\"sv-SE\",\"potentialAction\":[{\"@type\":\"ReadAction\",\"target\":[\"https:\/\/efterklang.org\/efterklang-pa-h22-city-expo\/?lang=sv\"]}]},{\"@type\":\"BreadcrumbList\",\"@id\":\"https:\/\/efterklang.org\/efterklang-pa-h22-city-expo\/?lang=sv#breadcrumb\",\"itemListElement\":[{\"@type\":\"ListItem\",\"position\":1,\"name\":\"Home\",\"item\":\"https:\/\/efterklang.org\/sv\/\"},{\"@type\":\"ListItem\",\"position\":2,\"name\":\"Efterklang p\u00e5 H22 City Expo\"}]},{\"@type\":\"WebSite\",\"@id\":\"https:\/\/efterklang.org\/#website\",\"url\":\"https:\/\/efterklang.org\/\",\"name\":\"Efterklang\",\"description\":\"P\u00e5 Efterklang designar och s\u00e4krar vi ljudmilj\u00f6er.\",\"publisher\":{\"@id\":\"https:\/\/efterklang.org\/#organization\"},\"potentialAction\":[{\"@type\":\"SearchAction\",\"target\":{\"@type\":\"EntryPoint\",\"urlTemplate\":\"https:\/\/efterklang.org\/?s={search_term_string}\"},\"query-input\":\"required name=search_term_string\"}],\"inLanguage\":\"sv-SE\"},{\"@type\":\"Organization\",\"@id\":\"https:\/\/efterklang.org\/#organization\",\"name\":\"Efterklang\",\"url\":\"https:\/\/efterklang.org\/\",\"logo\":{\"@type\":\"ImageObject\",\"inLanguage\":\"sv-SE\",\"@id\":\"https:\/\/efterklang.org\/#\/schema\/logo\/image\/\",\"url\":\"https:\/\/efterklang.org\/wp-content\/uploads\/2021\/10\/Asset-25.svg\",\"contentUrl\":\"https:\/\/efterklang.org\/wp-content\/uploads\/2021\/10\/Asset-25.svg\",\"caption\":\"Efterklang\"},\"image\":{\"@id\":\"https:\/\/efterklang.org\/#\/schema\/logo\/image\/\"}}]}<\/script>\n<!-- \/ Yoast SEO plugin. -->","yoast_head_json":{"title":"Efterklang p\u00e5 H22 City Expo - Efterklang","description":"Hur l\u00e5ter v\u00e5ra st\u00e4der idag och hur vill vi att v\u00e5ra st\u00e4der ska l\u00e5ta i framtiden? Det \u00e4r fr\u00e5gor vi lyfter genom v\u00e5r medverkan p\u00e5 H22.","robots":{"index":"index","follow":"follow","max-snippet":"max-snippet:-1","max-image-preview":"max-image-preview:large","max-video-preview":"max-video-preview:-1"},"canonical":"https:\/\/efterklang.org\/efterklang-pa-h22-city-expo\/?lang=sv","og_locale":"sv_SE","og_type":"article","og_title":"Efterklang p\u00e5 H22 City Expo - Efterklang","og_description":"Hur l\u00e5ter v\u00e5ra st\u00e4der idag och hur vill vi att v\u00e5ra st\u00e4der ska l\u00e5ta i framtiden? Det \u00e4r fr\u00e5gor vi lyfter genom v\u00e5r medverkan p\u00e5 H22.","og_url":"https:\/\/efterklang.org\/efterklang-pa-h22-city-expo\/?lang=sv","og_site_name":"Efterklang","article_modified_time":"2022-09-20T09:40:56+00:00","twitter_card":"summary_large_image","schema":{"@context":"https:\/\/schema.org","@graph":[{"@type":"WebPage","@id":"https:\/\/efterklang.org\/efterklang-pa-h22-city-expo\/?lang=sv","url":"https:\/\/efterklang.org\/efterklang-pa-h22-city-expo\/?lang=sv","name":"Efterklang p\u00e5 H22 City Expo - Efterklang","isPartOf":{"@id":"https:\/\/efterklang.org\/#website"},"datePublished":"2022-02-18T13:01:57+00:00","dateModified":"2022-09-20T09:40:56+00:00","description":"Hur l\u00e5ter v\u00e5ra st\u00e4der idag och hur vill vi att v\u00e5ra st\u00e4der ska l\u00e5ta i framtiden? Det \u00e4r fr\u00e5gor vi lyfter genom v\u00e5r medverkan p\u00e5 H22.","breadcrumb":{"@id":"https:\/\/efterklang.org\/efterklang-pa-h22-city-expo\/?lang=sv#breadcrumb"},"inLanguage":"sv-SE","potentialAction":[{"@type":"ReadAction","target":["https:\/\/efterklang.org\/efterklang-pa-h22-city-expo\/?lang=sv"]}]},{"@type":"BreadcrumbList","@id":"https:\/\/efterklang.org\/efterklang-pa-h22-city-expo\/?lang=sv#breadcrumb","itemListElement":[{"@type":"ListItem","position":1,"name":"Home","item":"https:\/\/efterklang.org\/sv\/"},{"@type":"ListItem","position":2,"name":"Efterklang p\u00e5 H22 City Expo"}]},{"@type":"WebSite","@id":"https:\/\/efterklang.org\/#website","url":"https:\/\/efterklang.org\/","name":"Efterklang","description":"P\u00e5 Efterklang designar och s\u00e4krar vi ljudmilj\u00f6er.","publisher":{"@id":"https:\/\/efterklang.org\/#organization"},"potentialAction":[{"@type":"SearchAction","target":{"@type":"EntryPoint","urlTemplate":"https:\/\/efterklang.org\/?s={search_term_string}"},"query-input":"required name=search_term_string"}],"inLanguage":"sv-SE"},{"@type":"Organization","@id":"https:\/\/efterklang.org\/#organization","name":"Efterklang","url":"https:\/\/efterklang.org\/","logo":{"@type":"ImageObject","inLanguage":"sv-SE","@id":"https:\/\/efterklang.org\/#\/schema\/logo\/image\/","url":"https:\/\/efterklang.org\/wp-content\/uploads\/2021\/10\/Asset-25.svg","contentUrl":"https:\/\/efterklang.org\/wp-content\/uploads\/2021\/10\/Asset-25.svg","caption":"Efterklang"},"image":{"@id":"https:\/\/efterklang.org\/#\/schema\/logo\/image\/"}}]}},"_links":{"self":[{"href":"https:\/\/efterklang.org\/sv\/wp-json\/wp\/v2\/pages\/6741","targetHints":{"allow":["GET"]}}],"collection":[{"href":"https:\/\/efterklang.org\/sv\/wp-json\/wp\/v2\/pages"}],"about":[{"href":"https:\/\/efterklang.org\/sv\/wp-json\/wp\/v2\/types\/page"}],"author":[{"embeddable":true,"href":"https:\/\/efterklang.org\/sv\/wp-json\/wp\/v2\/users\/6"}],"replies":[{"embeddable":true,"href":"https:\/\/efterklang.org\/sv\/wp-json\/wp\/v2\/comments?post=6741"}],"version-history":[{"count":10,"href":"https:\/\/efterklang.org\/sv\/wp-json\/wp\/v2\/pages\/6741\/revisions"}],"predecessor-version":[{"id":9643,"href":"https:\/\/efterklang.org\/sv\/wp-json\/wp\/v2\/pages\/6741\/revisions\/9643"}],"wp:attachment":[{"href":"https:\/\/efterklang.org\/sv\/wp-json\/wp\/v2\/media?parent=6741"}],"curies":[{"name":"wp","href":"https:\/\/api.w.org\/{rel}","templated":true}]}}