{"id":1702,"date":"2021-09-17T09:45:48","date_gmt":"2021-09-17T14:45:48","guid":{"rendered":"http:\/\/efterklang.org.hemsida.eu\/our-people\/"},"modified":"2024-11-05T10:09:11","modified_gmt":"2024-11-05T09:09:11","slug":"our-people","status":"publish","type":"page","link":"https:\/\/efterklang.org\/sv\/our-people\/","title":{"rendered":"V\u00e5ra medarbetare"},"content":{"rendered":"<p><strong>V\u00e5rt team besitter en bred kompetens inom ljud och vibrationer. V\u00e5ra medarbetare har olika bakgrunder och kommer fr\u00e5n arkitektur-, teknik-, design-, musik- och den akademiska v\u00e4rlden. Vi \u00e4r en p\u00e5litlig partner, en unik designgrupp och ett n\u00e4tverk av tekniska experter.\u00a0<\/strong><\/p>\n","protected":false},"excerpt":{"rendered":"<p>V\u00e5rt team besitter en bred kompetens inom ljud och vibrationer. V\u00e5ra medarbetare har olika bakgrunder och kommer fr\u00e5n arkitektur-, teknik-, design-, musik- och den akademiska v\u00e4rlden. Vi \u00e4r en p\u00e5litlig partner, en unik designgrupp och ett n\u00e4tverk av tekniska experter.\u00a0<\/p>\n","protected":false},"author":2,"featured_media":11722,"parent":0,"menu_order":0,"comment_status":"closed","ping_status":"closed","template":"templates\/template-team.php","meta":{"_acf_changed":false,"footnotes":""},"class_list":["post-1702","page","type-page","status-publish","has-post-thumbnail","hentry"],"acf":[],"yoast_head":"<!-- This site is optimized with the Yoast SEO plugin v22.1 - https:\/\/yoast.com\/wordpress\/plugins\/seo\/ -->\n<title>V\u00e5ra medarbetare - Efterklang<\/title>\n<meta name=\"description\" content=\"Vi har bred kompetens inom ljud och vibrationer. Vi \u00e4r en p\u00e5litlig partner, en unik designgrupp och ett n\u00e4tverk av teknsika experter.\" \/>\n<meta name=\"robots\" content=\"index, follow, max-snippet:-1, max-image-preview:large, max-video-preview:-1\" \/>\n<link rel=\"canonical\" href=\"https:\/\/efterklang.org\/sv\/our-people\/\" \/>\n<meta property=\"og:locale\" content=\"sv_SE\" \/>\n<meta property=\"og:type\" content=\"article\" \/>\n<meta property=\"og:title\" content=\"V\u00e5ra medarbetare - Efterklang\" \/>\n<meta property=\"og:description\" content=\"Vi har bred kompetens inom ljud och vibrationer. Vi \u00e4r en p\u00e5litlig partner, en unik designgrupp och ett n\u00e4tverk av teknsika experter.\" \/>\n<meta property=\"og:url\" content=\"https:\/\/efterklang.org\/sv\/our-people\/\" \/>\n<meta property=\"og:site_name\" content=\"Efterklang\" \/>\n<meta property=\"article:modified_time\" content=\"2024-11-05T09:09:11+00:00\" \/>\n<meta property=\"og:image\" content=\"https:\/\/efterklang.org\/wp-content\/uploads\/2023\/09\/We-are-Efterklang-2023.jpeg\" \/>\n\t<meta property=\"og:image:width\" content=\"1200\" \/>\n\t<meta property=\"og:image:height\" content=\"653\" \/>\n\t<meta property=\"og:image:type\" content=\"image\/jpeg\" \/>\n<meta name=\"twitter:card\" content=\"summary_large_image\" \/>\n<script type=\"application\/ld+json\" class=\"yoast-schema-graph\">{\"@context\":\"https:\/\/schema.org\",\"@graph\":[{\"@type\":\"WebPage\",\"@id\":\"https:\/\/efterklang.org\/sv\/our-people\/\",\"url\":\"https:\/\/efterklang.org\/sv\/our-people\/\",\"name\":\"V\u00e5ra medarbetare - Efterklang\",\"isPartOf\":{\"@id\":\"https:\/\/efterklang.org\/#website\"},\"datePublished\":\"2021-09-17T14:45:48+00:00\",\"dateModified\":\"2024-11-05T09:09:11+00:00\",\"description\":\"Vi har bred kompetens inom ljud och vibrationer. Vi \u00e4r en p\u00e5litlig partner, en unik designgrupp och ett n\u00e4tverk av teknsika experter.\",\"breadcrumb\":{\"@id\":\"https:\/\/efterklang.org\/sv\/our-people\/#breadcrumb\"},\"inLanguage\":\"sv-SE\",\"potentialAction\":[{\"@type\":\"ReadAction\",\"target\":[\"https:\/\/efterklang.org\/sv\/our-people\/\"]}]},{\"@type\":\"BreadcrumbList\",\"@id\":\"https:\/\/efterklang.org\/sv\/our-people\/#breadcrumb\",\"itemListElement\":[{\"@type\":\"ListItem\",\"position\":1,\"name\":\"Home\",\"item\":\"https:\/\/efterklang.org\/sv\/\"},{\"@type\":\"ListItem\",\"position\":2,\"name\":\"V\u00e5ra medarbetare\"}]},{\"@type\":\"WebSite\",\"@id\":\"https:\/\/efterklang.org\/#website\",\"url\":\"https:\/\/efterklang.org\/\",\"name\":\"Efterklang\",\"description\":\"P\u00e5 Efterklang designar och s\u00e4krar vi ljudmilj\u00f6er.\",\"publisher\":{\"@id\":\"https:\/\/efterklang.org\/#organization\"},\"potentialAction\":[{\"@type\":\"SearchAction\",\"target\":{\"@type\":\"EntryPoint\",\"urlTemplate\":\"https:\/\/efterklang.org\/?s={search_term_string}\"},\"query-input\":\"required name=search_term_string\"}],\"inLanguage\":\"sv-SE\"},{\"@type\":\"Organization\",\"@id\":\"https:\/\/efterklang.org\/#organization\",\"name\":\"Efterklang\",\"url\":\"https:\/\/efterklang.org\/\",\"logo\":{\"@type\":\"ImageObject\",\"inLanguage\":\"sv-SE\",\"@id\":\"https:\/\/efterklang.org\/#\/schema\/logo\/image\/\",\"url\":\"https:\/\/efterklang.org\/wp-content\/uploads\/2021\/10\/Asset-25.svg\",\"contentUrl\":\"https:\/\/efterklang.org\/wp-content\/uploads\/2021\/10\/Asset-25.svg\",\"caption\":\"Efterklang\"},\"image\":{\"@id\":\"https:\/\/efterklang.org\/#\/schema\/logo\/image\/\"}}]}<\/script>\n<!-- \/ Yoast SEO plugin. -->","yoast_head_json":{"title":"V\u00e5ra medarbetare - Efterklang","description":"Vi har bred kompetens inom ljud och vibrationer. Vi \u00e4r en p\u00e5litlig partner, en unik designgrupp och ett n\u00e4tverk av teknsika experter.","robots":{"index":"index","follow":"follow","max-snippet":"max-snippet:-1","max-image-preview":"max-image-preview:large","max-video-preview":"max-video-preview:-1"},"canonical":"https:\/\/efterklang.org\/sv\/our-people\/","og_locale":"sv_SE","og_type":"article","og_title":"V\u00e5ra medarbetare - Efterklang","og_description":"Vi har bred kompetens inom ljud och vibrationer. Vi \u00e4r en p\u00e5litlig partner, en unik designgrupp och ett n\u00e4tverk av teknsika experter.","og_url":"https:\/\/efterklang.org\/sv\/our-people\/","og_site_name":"Efterklang","article_modified_time":"2024-11-05T09:09:11+00:00","og_image":[{"width":1200,"height":653,"url":"https:\/\/efterklang.org\/wp-content\/uploads\/2023\/09\/We-are-Efterklang-2023.jpeg","type":"image\/jpeg"}],"twitter_card":"summary_large_image","schema":{"@context":"https:\/\/schema.org","@graph":[{"@type":"WebPage","@id":"https:\/\/efterklang.org\/sv\/our-people\/","url":"https:\/\/efterklang.org\/sv\/our-people\/","name":"V\u00e5ra medarbetare - Efterklang","isPartOf":{"@id":"https:\/\/efterklang.org\/#website"},"datePublished":"2021-09-17T14:45:48+00:00","dateModified":"2024-11-05T09:09:11+00:00","description":"Vi har bred kompetens inom ljud och vibrationer. Vi \u00e4r en p\u00e5litlig partner, en unik designgrupp och ett n\u00e4tverk av teknsika experter.","breadcrumb":{"@id":"https:\/\/efterklang.org\/sv\/our-people\/#breadcrumb"},"inLanguage":"sv-SE","potentialAction":[{"@type":"ReadAction","target":["https:\/\/efterklang.org\/sv\/our-people\/"]}]},{"@type":"BreadcrumbList","@id":"https:\/\/efterklang.org\/sv\/our-people\/#breadcrumb","itemListElement":[{"@type":"ListItem","position":1,"name":"Home","item":"https:\/\/efterklang.org\/sv\/"},{"@type":"ListItem","position":2,"name":"V\u00e5ra medarbetare"}]},{"@type":"WebSite","@id":"https:\/\/efterklang.org\/#website","url":"https:\/\/efterklang.org\/","name":"Efterklang","description":"P\u00e5 Efterklang designar och s\u00e4krar vi ljudmilj\u00f6er.","publisher":{"@id":"https:\/\/efterklang.org\/#organization"},"potentialAction":[{"@type":"SearchAction","target":{"@type":"EntryPoint","urlTemplate":"https:\/\/efterklang.org\/?s={search_term_string}"},"query-input":"required name=search_term_string"}],"inLanguage":"sv-SE"},{"@type":"Organization","@id":"https:\/\/efterklang.org\/#organization","name":"Efterklang","url":"https:\/\/efterklang.org\/","logo":{"@type":"ImageObject","inLanguage":"sv-SE","@id":"https:\/\/efterklang.org\/#\/schema\/logo\/image\/","url":"https:\/\/efterklang.org\/wp-content\/uploads\/2021\/10\/Asset-25.svg","contentUrl":"https:\/\/efterklang.org\/wp-content\/uploads\/2021\/10\/Asset-25.svg","caption":"Efterklang"},"image":{"@id":"https:\/\/efterklang.org\/#\/schema\/logo\/image\/"}}]}},"_links":{"self":[{"href":"https:\/\/efterklang.org\/sv\/wp-json\/wp\/v2\/pages\/1702","targetHints":{"allow":["GET"]}}],"collection":[{"href":"https:\/\/efterklang.org\/sv\/wp-json\/wp\/v2\/pages"}],"about":[{"href":"https:\/\/efterklang.org\/sv\/wp-json\/wp\/v2\/types\/page"}],"author":[{"embeddable":true,"href":"https:\/\/efterklang.org\/sv\/wp-json\/wp\/v2\/users\/2"}],"replies":[{"embeddable":true,"href":"https:\/\/efterklang.org\/sv\/wp-json\/wp\/v2\/comments?post=1702"}],"version-history":[{"count":10,"href":"https:\/\/efterklang.org\/sv\/wp-json\/wp\/v2\/pages\/1702\/revisions"}],"predecessor-version":[{"id":14166,"href":"https:\/\/efterklang.org\/sv\/wp-json\/wp\/v2\/pages\/1702\/revisions\/14166"}],"wp:featuredmedia":[{"embeddable":true,"href":"https:\/\/efterklang.org\/sv\/wp-json\/wp\/v2\/media\/11722"}],"wp:attachment":[{"href":"https:\/\/efterklang.org\/sv\/wp-json\/wp\/v2\/media?parent=1702"}],"curies":[{"name":"wp","href":"https:\/\/api.w.org\/{rel}","templated":true}]}}