{"id":1578,"date":"2021-09-17T09:43:49","date_gmt":"2021-09-17T14:43:49","guid":{"rendered":"http:\/\/efterklang.org.hemsida.eu\/who-we-are\/"},"modified":"2025-03-17T13:35:16","modified_gmt":"2025-03-17T12:35:16","slug":"who-we-are","status":"publish","type":"page","link":"https:\/\/efterklang.org\/sv\/who-we-are\/","title":{"rendered":"Vilka vi \u00e4r"},"content":{"rendered":"","protected":false},"excerpt":{"rendered":"","protected":false},"author":2,"featured_media":0,"parent":0,"menu_order":0,"comment_status":"closed","ping_status":"closed","template":"templates\/template-flexible.php","meta":{"_acf_changed":false,"footnotes":""},"class_list":["post-1578","page","type-page","status-publish","hentry"],"acf":[],"yoast_head":"<!-- This site is optimized with the Yoast SEO plugin v22.1 - https:\/\/yoast.com\/wordpress\/plugins\/seo\/ -->\n<title>Vilka vi \u00e4r - Efterklang<\/title>\n<meta name=\"description\" content=\"Vi arbetar i gr\u00e4nssnittet mellan design, teknik och ingenj\u00f6rskonst, d\u00e4r vi hj\u00e4lper v\u00e5ra kunder att skapa unika och optimala ljudmilj\u00f6er.\" \/>\n<meta name=\"robots\" content=\"index, follow, max-snippet:-1, max-image-preview:large, max-video-preview:-1\" \/>\n<link rel=\"canonical\" href=\"https:\/\/efterklang.org\/sv\/who-we-are\/\" \/>\n<meta property=\"og:locale\" content=\"sv_SE\" \/>\n<meta property=\"og:type\" content=\"article\" \/>\n<meta property=\"og:title\" content=\"Vilka vi \u00e4r - Efterklang\" \/>\n<meta property=\"og:description\" content=\"Vi arbetar i gr\u00e4nssnittet mellan design, teknik och ingenj\u00f6rskonst, d\u00e4r vi hj\u00e4lper v\u00e5ra kunder att skapa unika och optimala ljudmilj\u00f6er.\" \/>\n<meta property=\"og:url\" content=\"https:\/\/efterklang.org\/sv\/who-we-are\/\" \/>\n<meta property=\"og:site_name\" content=\"Efterklang\" \/>\n<meta property=\"article:modified_time\" content=\"2025-03-17T12:35:16+00:00\" \/>\n<meta name=\"twitter:card\" content=\"summary_large_image\" \/>\n<script type=\"application\/ld+json\" class=\"yoast-schema-graph\">{\"@context\":\"https:\/\/schema.org\",\"@graph\":[{\"@type\":\"WebPage\",\"@id\":\"https:\/\/efterklang.org\/sv\/who-we-are\/\",\"url\":\"https:\/\/efterklang.org\/sv\/who-we-are\/\",\"name\":\"Vilka vi \u00e4r - Efterklang\",\"isPartOf\":{\"@id\":\"https:\/\/efterklang.org\/#website\"},\"datePublished\":\"2021-09-17T14:43:49+00:00\",\"dateModified\":\"2025-03-17T12:35:16+00:00\",\"description\":\"Vi arbetar i gr\u00e4nssnittet mellan design, teknik och ingenj\u00f6rskonst, d\u00e4r vi hj\u00e4lper v\u00e5ra kunder att skapa unika och optimala ljudmilj\u00f6er.\",\"breadcrumb\":{\"@id\":\"https:\/\/efterklang.org\/sv\/who-we-are\/#breadcrumb\"},\"inLanguage\":\"sv-SE\",\"potentialAction\":[{\"@type\":\"ReadAction\",\"target\":[\"https:\/\/efterklang.org\/sv\/who-we-are\/\"]}]},{\"@type\":\"BreadcrumbList\",\"@id\":\"https:\/\/efterklang.org\/sv\/who-we-are\/#breadcrumb\",\"itemListElement\":[{\"@type\":\"ListItem\",\"position\":1,\"name\":\"Home\",\"item\":\"https:\/\/efterklang.org\/sv\/\"},{\"@type\":\"ListItem\",\"position\":2,\"name\":\"Vilka vi \u00e4r\"}]},{\"@type\":\"WebSite\",\"@id\":\"https:\/\/efterklang.org\/#website\",\"url\":\"https:\/\/efterklang.org\/\",\"name\":\"Efterklang\",\"description\":\"P\u00e5 Efterklang designar och s\u00e4krar vi ljudmilj\u00f6er.\",\"publisher\":{\"@id\":\"https:\/\/efterklang.org\/#organization\"},\"potentialAction\":[{\"@type\":\"SearchAction\",\"target\":{\"@type\":\"EntryPoint\",\"urlTemplate\":\"https:\/\/efterklang.org\/?s={search_term_string}\"},\"query-input\":\"required name=search_term_string\"}],\"inLanguage\":\"sv-SE\"},{\"@type\":\"Organization\",\"@id\":\"https:\/\/efterklang.org\/#organization\",\"name\":\"Efterklang\",\"url\":\"https:\/\/efterklang.org\/\",\"logo\":{\"@type\":\"ImageObject\",\"inLanguage\":\"sv-SE\",\"@id\":\"https:\/\/efterklang.org\/#\/schema\/logo\/image\/\",\"url\":\"https:\/\/efterklang.org\/wp-content\/uploads\/2021\/10\/Asset-25.svg\",\"contentUrl\":\"https:\/\/efterklang.org\/wp-content\/uploads\/2021\/10\/Asset-25.svg\",\"caption\":\"Efterklang\"},\"image\":{\"@id\":\"https:\/\/efterklang.org\/#\/schema\/logo\/image\/\"}}]}<\/script>\n<!-- \/ Yoast SEO plugin. -->","yoast_head_json":{"title":"Vilka vi \u00e4r - Efterklang","description":"Vi arbetar i gr\u00e4nssnittet mellan design, teknik och ingenj\u00f6rskonst, d\u00e4r vi hj\u00e4lper v\u00e5ra kunder att skapa unika och optimala ljudmilj\u00f6er.","robots":{"index":"index","follow":"follow","max-snippet":"max-snippet:-1","max-image-preview":"max-image-preview:large","max-video-preview":"max-video-preview:-1"},"canonical":"https:\/\/efterklang.org\/sv\/who-we-are\/","og_locale":"sv_SE","og_type":"article","og_title":"Vilka vi \u00e4r - Efterklang","og_description":"Vi arbetar i gr\u00e4nssnittet mellan design, teknik och ingenj\u00f6rskonst, d\u00e4r vi hj\u00e4lper v\u00e5ra kunder att skapa unika och optimala ljudmilj\u00f6er.","og_url":"https:\/\/efterklang.org\/sv\/who-we-are\/","og_site_name":"Efterklang","article_modified_time":"2025-03-17T12:35:16+00:00","twitter_card":"summary_large_image","schema":{"@context":"https:\/\/schema.org","@graph":[{"@type":"WebPage","@id":"https:\/\/efterklang.org\/sv\/who-we-are\/","url":"https:\/\/efterklang.org\/sv\/who-we-are\/","name":"Vilka vi \u00e4r - Efterklang","isPartOf":{"@id":"https:\/\/efterklang.org\/#website"},"datePublished":"2021-09-17T14:43:49+00:00","dateModified":"2025-03-17T12:35:16+00:00","description":"Vi arbetar i gr\u00e4nssnittet mellan design, teknik och ingenj\u00f6rskonst, d\u00e4r vi hj\u00e4lper v\u00e5ra kunder att skapa unika och optimala ljudmilj\u00f6er.","breadcrumb":{"@id":"https:\/\/efterklang.org\/sv\/who-we-are\/#breadcrumb"},"inLanguage":"sv-SE","potentialAction":[{"@type":"ReadAction","target":["https:\/\/efterklang.org\/sv\/who-we-are\/"]}]},{"@type":"BreadcrumbList","@id":"https:\/\/efterklang.org\/sv\/who-we-are\/#breadcrumb","itemListElement":[{"@type":"ListItem","position":1,"name":"Home","item":"https:\/\/efterklang.org\/sv\/"},{"@type":"ListItem","position":2,"name":"Vilka vi \u00e4r"}]},{"@type":"WebSite","@id":"https:\/\/efterklang.org\/#website","url":"https:\/\/efterklang.org\/","name":"Efterklang","description":"P\u00e5 Efterklang designar och s\u00e4krar vi ljudmilj\u00f6er.","publisher":{"@id":"https:\/\/efterklang.org\/#organization"},"potentialAction":[{"@type":"SearchAction","target":{"@type":"EntryPoint","urlTemplate":"https:\/\/efterklang.org\/?s={search_term_string}"},"query-input":"required name=search_term_string"}],"inLanguage":"sv-SE"},{"@type":"Organization","@id":"https:\/\/efterklang.org\/#organization","name":"Efterklang","url":"https:\/\/efterklang.org\/","logo":{"@type":"ImageObject","inLanguage":"sv-SE","@id":"https:\/\/efterklang.org\/#\/schema\/logo\/image\/","url":"https:\/\/efterklang.org\/wp-content\/uploads\/2021\/10\/Asset-25.svg","contentUrl":"https:\/\/efterklang.org\/wp-content\/uploads\/2021\/10\/Asset-25.svg","caption":"Efterklang"},"image":{"@id":"https:\/\/efterklang.org\/#\/schema\/logo\/image\/"}}]}},"_links":{"self":[{"href":"https:\/\/efterklang.org\/sv\/wp-json\/wp\/v2\/pages\/1578","targetHints":{"allow":["GET"]}}],"collection":[{"href":"https:\/\/efterklang.org\/sv\/wp-json\/wp\/v2\/pages"}],"about":[{"href":"https:\/\/efterklang.org\/sv\/wp-json\/wp\/v2\/types\/page"}],"author":[{"embeddable":true,"href":"https:\/\/efterklang.org\/sv\/wp-json\/wp\/v2\/users\/2"}],"replies":[{"embeddable":true,"href":"https:\/\/efterklang.org\/sv\/wp-json\/wp\/v2\/comments?post=1578"}],"version-history":[{"count":10,"href":"https:\/\/efterklang.org\/sv\/wp-json\/wp\/v2\/pages\/1578\/revisions"}],"predecessor-version":[{"id":14846,"href":"https:\/\/efterklang.org\/sv\/wp-json\/wp\/v2\/pages\/1578\/revisions\/14846"}],"wp:attachment":[{"href":"https:\/\/efterklang.org\/sv\/wp-json\/wp\/v2\/media?parent=1578"}],"curies":[{"name":"wp","href":"https:\/\/api.w.org\/{rel}","templated":true}]}}