{"id":1575,"date":"2021-11-10T10:50:24","date_gmt":"2021-11-10T15:50:24","guid":{"rendered":"http:\/\/efterklang.org.hemsida.eu\/what-we-do\/"},"modified":"2024-08-13T11:12:35","modified_gmt":"2024-08-13T09:12:35","slug":"what-we-do","status":"publish","type":"page","link":"https:\/\/efterklang.org\/sv\/what-we-do\/","title":{"rendered":"V\u00e5ra tj\u00e4nster"},"content":{"rendered":"<p><strong>Med v\u00e5r kompletta palett av ljud- och vibrationstj\u00e4nster hj\u00e4lper vi dig att skapa harmoniska milj\u00f6er, platser och produkter.<\/strong><\/p>\n","protected":false},"excerpt":{"rendered":"<p>Med v\u00e5r kompletta palett av ljud- och vibrationstj\u00e4nster hj\u00e4lper vi dig att skapa harmoniska milj\u00f6er, platser och produkter.<\/p>\n","protected":false},"author":2,"featured_media":2155,"parent":0,"menu_order":0,"comment_status":"closed","ping_status":"closed","template":"templates\/template-services.php","meta":{"_acf_changed":false,"footnotes":""},"class_list":["post-1575","page","type-page","status-publish","has-post-thumbnail","hentry"],"acf":[],"yoast_head":"<!-- This site is optimized with the Yoast SEO plugin v22.1 - https:\/\/yoast.com\/wordpress\/plugins\/seo\/ -->\n<title>V\u00e5ra tj\u00e4nster - Efterklang<\/title>\n<meta name=\"description\" content=\"Vi erbjuder en komplett palett av tj\u00e4nster inom akustik, biller, vibrationer och ljuddesign. L\u00e4s mer p\u00e5 v\u00e5r hemsida.\" \/>\n<meta name=\"robots\" content=\"index, follow, max-snippet:-1, max-image-preview:large, max-video-preview:-1\" \/>\n<link rel=\"canonical\" href=\"https:\/\/efterklang.org\/sv\/what-we-do\/\" \/>\n<meta property=\"og:locale\" content=\"sv_SE\" \/>\n<meta property=\"og:type\" content=\"article\" \/>\n<meta property=\"og:title\" content=\"V\u00e5ra tj\u00e4nster - Efterklang\" \/>\n<meta property=\"og:description\" content=\"Vi erbjuder en komplett palett av tj\u00e4nster inom akustik, biller, vibrationer och ljuddesign. L\u00e4s mer p\u00e5 v\u00e5r hemsida.\" \/>\n<meta property=\"og:url\" content=\"https:\/\/efterklang.org\/sv\/what-we-do\/\" \/>\n<meta property=\"og:site_name\" content=\"Efterklang\" \/>\n<meta property=\"article:modified_time\" content=\"2024-08-13T09:12:35+00:00\" \/>\n<meta property=\"og:image\" content=\"https:\/\/efterklang.org\/wp-content\/uploads\/2021\/11\/Acoustics.jpg\" \/>\n\t<meta property=\"og:image:width\" content=\"5066\" \/>\n\t<meta property=\"og:image:height\" content=\"3800\" \/>\n\t<meta property=\"og:image:type\" content=\"image\/jpeg\" \/>\n<meta name=\"twitter:card\" content=\"summary_large_image\" \/>\n<script type=\"application\/ld+json\" class=\"yoast-schema-graph\">{\"@context\":\"https:\/\/schema.org\",\"@graph\":[{\"@type\":\"WebPage\",\"@id\":\"https:\/\/efterklang.org\/sv\/what-we-do\/\",\"url\":\"https:\/\/efterklang.org\/sv\/what-we-do\/\",\"name\":\"V\u00e5ra tj\u00e4nster - Efterklang\",\"isPartOf\":{\"@id\":\"https:\/\/efterklang.org\/#website\"},\"datePublished\":\"2021-11-10T15:50:24+00:00\",\"dateModified\":\"2024-08-13T09:12:35+00:00\",\"description\":\"Vi erbjuder en komplett palett av tj\u00e4nster inom akustik, biller, vibrationer och ljuddesign. L\u00e4s mer p\u00e5 v\u00e5r hemsida.\",\"breadcrumb\":{\"@id\":\"https:\/\/efterklang.org\/sv\/what-we-do\/#breadcrumb\"},\"inLanguage\":\"sv-SE\",\"potentialAction\":[{\"@type\":\"ReadAction\",\"target\":[\"https:\/\/efterklang.org\/sv\/what-we-do\/\"]}]},{\"@type\":\"BreadcrumbList\",\"@id\":\"https:\/\/efterklang.org\/sv\/what-we-do\/#breadcrumb\",\"itemListElement\":[{\"@type\":\"ListItem\",\"position\":1,\"name\":\"Home\",\"item\":\"https:\/\/efterklang.org\/sv\/\"},{\"@type\":\"ListItem\",\"position\":2,\"name\":\"V\u00e5ra tj\u00e4nster\"}]},{\"@type\":\"WebSite\",\"@id\":\"https:\/\/efterklang.org\/#website\",\"url\":\"https:\/\/efterklang.org\/\",\"name\":\"Efterklang\",\"description\":\"P\u00e5 Efterklang designar och s\u00e4krar vi ljudmilj\u00f6er.\",\"publisher\":{\"@id\":\"https:\/\/efterklang.org\/#organization\"},\"potentialAction\":[{\"@type\":\"SearchAction\",\"target\":{\"@type\":\"EntryPoint\",\"urlTemplate\":\"https:\/\/efterklang.org\/?s={search_term_string}\"},\"query-input\":\"required name=search_term_string\"}],\"inLanguage\":\"sv-SE\"},{\"@type\":\"Organization\",\"@id\":\"https:\/\/efterklang.org\/#organization\",\"name\":\"Efterklang\",\"url\":\"https:\/\/efterklang.org\/\",\"logo\":{\"@type\":\"ImageObject\",\"inLanguage\":\"sv-SE\",\"@id\":\"https:\/\/efterklang.org\/#\/schema\/logo\/image\/\",\"url\":\"https:\/\/efterklang.org\/wp-content\/uploads\/2021\/10\/Asset-25.svg\",\"contentUrl\":\"https:\/\/efterklang.org\/wp-content\/uploads\/2021\/10\/Asset-25.svg\",\"caption\":\"Efterklang\"},\"image\":{\"@id\":\"https:\/\/efterklang.org\/#\/schema\/logo\/image\/\"}}]}<\/script>\n<!-- \/ Yoast SEO plugin. -->","yoast_head_json":{"title":"V\u00e5ra tj\u00e4nster - Efterklang","description":"Vi erbjuder en komplett palett av tj\u00e4nster inom akustik, biller, vibrationer och ljuddesign. L\u00e4s mer p\u00e5 v\u00e5r hemsida.","robots":{"index":"index","follow":"follow","max-snippet":"max-snippet:-1","max-image-preview":"max-image-preview:large","max-video-preview":"max-video-preview:-1"},"canonical":"https:\/\/efterklang.org\/sv\/what-we-do\/","og_locale":"sv_SE","og_type":"article","og_title":"V\u00e5ra tj\u00e4nster - Efterklang","og_description":"Vi erbjuder en komplett palett av tj\u00e4nster inom akustik, biller, vibrationer och ljuddesign. L\u00e4s mer p\u00e5 v\u00e5r hemsida.","og_url":"https:\/\/efterklang.org\/sv\/what-we-do\/","og_site_name":"Efterklang","article_modified_time":"2024-08-13T09:12:35+00:00","og_image":[{"width":5066,"height":3800,"url":"https:\/\/efterklang.org\/wp-content\/uploads\/2021\/11\/Acoustics.jpg","type":"image\/jpeg"}],"twitter_card":"summary_large_image","schema":{"@context":"https:\/\/schema.org","@graph":[{"@type":"WebPage","@id":"https:\/\/efterklang.org\/sv\/what-we-do\/","url":"https:\/\/efterklang.org\/sv\/what-we-do\/","name":"V\u00e5ra tj\u00e4nster - Efterklang","isPartOf":{"@id":"https:\/\/efterklang.org\/#website"},"datePublished":"2021-11-10T15:50:24+00:00","dateModified":"2024-08-13T09:12:35+00:00","description":"Vi erbjuder en komplett palett av tj\u00e4nster inom akustik, biller, vibrationer och ljuddesign. L\u00e4s mer p\u00e5 v\u00e5r hemsida.","breadcrumb":{"@id":"https:\/\/efterklang.org\/sv\/what-we-do\/#breadcrumb"},"inLanguage":"sv-SE","potentialAction":[{"@type":"ReadAction","target":["https:\/\/efterklang.org\/sv\/what-we-do\/"]}]},{"@type":"BreadcrumbList","@id":"https:\/\/efterklang.org\/sv\/what-we-do\/#breadcrumb","itemListElement":[{"@type":"ListItem","position":1,"name":"Home","item":"https:\/\/efterklang.org\/sv\/"},{"@type":"ListItem","position":2,"name":"V\u00e5ra tj\u00e4nster"}]},{"@type":"WebSite","@id":"https:\/\/efterklang.org\/#website","url":"https:\/\/efterklang.org\/","name":"Efterklang","description":"P\u00e5 Efterklang designar och s\u00e4krar vi ljudmilj\u00f6er.","publisher":{"@id":"https:\/\/efterklang.org\/#organization"},"potentialAction":[{"@type":"SearchAction","target":{"@type":"EntryPoint","urlTemplate":"https:\/\/efterklang.org\/?s={search_term_string}"},"query-input":"required name=search_term_string"}],"inLanguage":"sv-SE"},{"@type":"Organization","@id":"https:\/\/efterklang.org\/#organization","name":"Efterklang","url":"https:\/\/efterklang.org\/","logo":{"@type":"ImageObject","inLanguage":"sv-SE","@id":"https:\/\/efterklang.org\/#\/schema\/logo\/image\/","url":"https:\/\/efterklang.org\/wp-content\/uploads\/2021\/10\/Asset-25.svg","contentUrl":"https:\/\/efterklang.org\/wp-content\/uploads\/2021\/10\/Asset-25.svg","caption":"Efterklang"},"image":{"@id":"https:\/\/efterklang.org\/#\/schema\/logo\/image\/"}}]}},"_links":{"self":[{"href":"https:\/\/efterklang.org\/sv\/wp-json\/wp\/v2\/pages\/1575","targetHints":{"allow":["GET"]}}],"collection":[{"href":"https:\/\/efterklang.org\/sv\/wp-json\/wp\/v2\/pages"}],"about":[{"href":"https:\/\/efterklang.org\/sv\/wp-json\/wp\/v2\/types\/page"}],"author":[{"embeddable":true,"href":"https:\/\/efterklang.org\/sv\/wp-json\/wp\/v2\/users\/2"}],"replies":[{"embeddable":true,"href":"https:\/\/efterklang.org\/sv\/wp-json\/wp\/v2\/comments?post=1575"}],"version-history":[{"count":8,"href":"https:\/\/efterklang.org\/sv\/wp-json\/wp\/v2\/pages\/1575\/revisions"}],"predecessor-version":[{"id":13195,"href":"https:\/\/efterklang.org\/sv\/wp-json\/wp\/v2\/pages\/1575\/revisions\/13195"}],"wp:featuredmedia":[{"embeddable":true,"href":"https:\/\/efterklang.org\/sv\/wp-json\/wp\/v2\/media\/2155"}],"wp:attachment":[{"href":"https:\/\/efterklang.org\/sv\/wp-json\/wp\/v2\/media?parent=1575"}],"curies":[{"name":"wp","href":"https:\/\/api.w.org\/{rel}","templated":true}]}}