{"id":1565,"date":"2021-09-17T09:45:57","date_gmt":"2021-09-17T14:45:57","guid":{"rendered":"http:\/\/efterklang.org.hemsida.eu\/?page_id=1565"},"modified":"2026-01-30T09:40:54","modified_gmt":"2026-01-30T08:40:54","slug":"get-in-touch","status":"publish","type":"page","link":"https:\/\/efterklang.org\/sv\/get-in-touch\/","title":{"rendered":"Kontakta oss"},"content":{"rendered":"<p><strong>Med kontor i Sverige, Finland, Danmark, Nederl\u00e4nderna och Norge, genomf\u00f6r vi projekt \u00f6ver hela v\u00e4rlden. Tveka inte att h\u00f6ra av dig till oss om du har fr\u00e5gor om ljud, buller, vibrationer eller design.<\/strong><\/p>\n","protected":false},"excerpt":{"rendered":"<p>Med kontor i Sverige, Finland, Danmark, Nederl\u00e4nderna och Norge, genomf\u00f6r vi projekt \u00f6ver hela v\u00e4rlden. Tveka inte att h\u00f6ra av dig till oss om du har fr\u00e5gor om ljud, buller, vibrationer eller design.<\/p>\n","protected":false},"author":2,"featured_media":0,"parent":0,"menu_order":0,"comment_status":"closed","ping_status":"closed","template":"templates\/template-contact.php","meta":{"_acf_changed":false,"footnotes":""},"class_list":["post-1565","page","type-page","status-publish","hentry"],"acf":[],"yoast_head":"<!-- This site is optimized with the Yoast SEO plugin v22.1 - https:\/\/yoast.com\/wordpress\/plugins\/seo\/ -->\n<title>Kontakta oss - Efterklang<\/title>\n<meta name=\"description\" content=\"Please don\u2019t hesitate to get in touch. We\u2019re happy to help with any inquires related to sound, design, noise, or vibration.\" \/>\n<meta name=\"robots\" content=\"index, follow, max-snippet:-1, max-image-preview:large, max-video-preview:-1\" \/>\n<link rel=\"canonical\" href=\"https:\/\/efterklang.org\/sv\/get-in-touch\/\" \/>\n<meta property=\"og:locale\" content=\"sv_SE\" \/>\n<meta property=\"og:type\" content=\"article\" \/>\n<meta property=\"og:title\" content=\"Kontakta oss - Efterklang\" \/>\n<meta property=\"og:description\" content=\"Please don\u2019t hesitate to get in touch. We\u2019re happy to help with any inquires related to sound, design, noise, or vibration.\" \/>\n<meta property=\"og:url\" content=\"https:\/\/efterklang.org\/sv\/get-in-touch\/\" \/>\n<meta property=\"og:site_name\" content=\"Efterklang\" \/>\n<meta property=\"article:modified_time\" content=\"2026-01-30T08:40:54+00:00\" \/>\n<meta name=\"twitter:card\" content=\"summary_large_image\" \/>\n<script type=\"application\/ld+json\" class=\"yoast-schema-graph\">{\"@context\":\"https:\/\/schema.org\",\"@graph\":[{\"@type\":\"WebPage\",\"@id\":\"https:\/\/efterklang.org\/sv\/get-in-touch\/\",\"url\":\"https:\/\/efterklang.org\/sv\/get-in-touch\/\",\"name\":\"Kontakta oss - Efterklang\",\"isPartOf\":{\"@id\":\"https:\/\/efterklang.org\/#website\"},\"datePublished\":\"2021-09-17T14:45:57+00:00\",\"dateModified\":\"2026-01-30T08:40:54+00:00\",\"description\":\"Please don\u2019t hesitate to get in touch. We\u2019re happy to help with any inquires related to sound, design, noise, or vibration.\",\"breadcrumb\":{\"@id\":\"https:\/\/efterklang.org\/sv\/get-in-touch\/#breadcrumb\"},\"inLanguage\":\"sv-SE\",\"potentialAction\":[{\"@type\":\"ReadAction\",\"target\":[\"https:\/\/efterklang.org\/sv\/get-in-touch\/\"]}]},{\"@type\":\"BreadcrumbList\",\"@id\":\"https:\/\/efterklang.org\/sv\/get-in-touch\/#breadcrumb\",\"itemListElement\":[{\"@type\":\"ListItem\",\"position\":1,\"name\":\"Home\",\"item\":\"https:\/\/efterklang.org\/sv\/\"},{\"@type\":\"ListItem\",\"position\":2,\"name\":\"Kontakta oss\"}]},{\"@type\":\"WebSite\",\"@id\":\"https:\/\/efterklang.org\/#website\",\"url\":\"https:\/\/efterklang.org\/\",\"name\":\"Efterklang\",\"description\":\"P\u00e5 Efterklang designar och s\u00e4krar vi ljudmilj\u00f6er.\",\"publisher\":{\"@id\":\"https:\/\/efterklang.org\/#organization\"},\"potentialAction\":[{\"@type\":\"SearchAction\",\"target\":{\"@type\":\"EntryPoint\",\"urlTemplate\":\"https:\/\/efterklang.org\/?s={search_term_string}\"},\"query-input\":\"required name=search_term_string\"}],\"inLanguage\":\"sv-SE\"},{\"@type\":\"Organization\",\"@id\":\"https:\/\/efterklang.org\/#organization\",\"name\":\"Efterklang\",\"url\":\"https:\/\/efterklang.org\/\",\"logo\":{\"@type\":\"ImageObject\",\"inLanguage\":\"sv-SE\",\"@id\":\"https:\/\/efterklang.org\/#\/schema\/logo\/image\/\",\"url\":\"https:\/\/efterklang.org\/wp-content\/uploads\/2021\/10\/Asset-25.svg\",\"contentUrl\":\"https:\/\/efterklang.org\/wp-content\/uploads\/2021\/10\/Asset-25.svg\",\"caption\":\"Efterklang\"},\"image\":{\"@id\":\"https:\/\/efterklang.org\/#\/schema\/logo\/image\/\"}}]}<\/script>\n<!-- \/ Yoast SEO plugin. -->","yoast_head_json":{"title":"Kontakta oss - Efterklang","description":"Please don\u2019t hesitate to get in touch. We\u2019re happy to help with any inquires related to sound, design, noise, or vibration.","robots":{"index":"index","follow":"follow","max-snippet":"max-snippet:-1","max-image-preview":"max-image-preview:large","max-video-preview":"max-video-preview:-1"},"canonical":"https:\/\/efterklang.org\/sv\/get-in-touch\/","og_locale":"sv_SE","og_type":"article","og_title":"Kontakta oss - Efterklang","og_description":"Please don\u2019t hesitate to get in touch. We\u2019re happy to help with any inquires related to sound, design, noise, or vibration.","og_url":"https:\/\/efterklang.org\/sv\/get-in-touch\/","og_site_name":"Efterklang","article_modified_time":"2026-01-30T08:40:54+00:00","twitter_card":"summary_large_image","schema":{"@context":"https:\/\/schema.org","@graph":[{"@type":"WebPage","@id":"https:\/\/efterklang.org\/sv\/get-in-touch\/","url":"https:\/\/efterklang.org\/sv\/get-in-touch\/","name":"Kontakta oss - Efterklang","isPartOf":{"@id":"https:\/\/efterklang.org\/#website"},"datePublished":"2021-09-17T14:45:57+00:00","dateModified":"2026-01-30T08:40:54+00:00","description":"Please don\u2019t hesitate to get in touch. We\u2019re happy to help with any inquires related to sound, design, noise, or vibration.","breadcrumb":{"@id":"https:\/\/efterklang.org\/sv\/get-in-touch\/#breadcrumb"},"inLanguage":"sv-SE","potentialAction":[{"@type":"ReadAction","target":["https:\/\/efterklang.org\/sv\/get-in-touch\/"]}]},{"@type":"BreadcrumbList","@id":"https:\/\/efterklang.org\/sv\/get-in-touch\/#breadcrumb","itemListElement":[{"@type":"ListItem","position":1,"name":"Home","item":"https:\/\/efterklang.org\/sv\/"},{"@type":"ListItem","position":2,"name":"Kontakta oss"}]},{"@type":"WebSite","@id":"https:\/\/efterklang.org\/#website","url":"https:\/\/efterklang.org\/","name":"Efterklang","description":"P\u00e5 Efterklang designar och s\u00e4krar vi ljudmilj\u00f6er.","publisher":{"@id":"https:\/\/efterklang.org\/#organization"},"potentialAction":[{"@type":"SearchAction","target":{"@type":"EntryPoint","urlTemplate":"https:\/\/efterklang.org\/?s={search_term_string}"},"query-input":"required name=search_term_string"}],"inLanguage":"sv-SE"},{"@type":"Organization","@id":"https:\/\/efterklang.org\/#organization","name":"Efterklang","url":"https:\/\/efterklang.org\/","logo":{"@type":"ImageObject","inLanguage":"sv-SE","@id":"https:\/\/efterklang.org\/#\/schema\/logo\/image\/","url":"https:\/\/efterklang.org\/wp-content\/uploads\/2021\/10\/Asset-25.svg","contentUrl":"https:\/\/efterklang.org\/wp-content\/uploads\/2021\/10\/Asset-25.svg","caption":"Efterklang"},"image":{"@id":"https:\/\/efterklang.org\/#\/schema\/logo\/image\/"}}]}},"_links":{"self":[{"href":"https:\/\/efterklang.org\/sv\/wp-json\/wp\/v2\/pages\/1565","targetHints":{"allow":["GET"]}}],"collection":[{"href":"https:\/\/efterklang.org\/sv\/wp-json\/wp\/v2\/pages"}],"about":[{"href":"https:\/\/efterklang.org\/sv\/wp-json\/wp\/v2\/types\/page"}],"author":[{"embeddable":true,"href":"https:\/\/efterklang.org\/sv\/wp-json\/wp\/v2\/users\/2"}],"replies":[{"embeddable":true,"href":"https:\/\/efterklang.org\/sv\/wp-json\/wp\/v2\/comments?post=1565"}],"version-history":[{"count":12,"href":"https:\/\/efterklang.org\/sv\/wp-json\/wp\/v2\/pages\/1565\/revisions"}],"predecessor-version":[{"id":14982,"href":"https:\/\/efterklang.org\/sv\/wp-json\/wp\/v2\/pages\/1565\/revisions\/14982"}],"wp:attachment":[{"href":"https:\/\/efterklang.org\/sv\/wp-json\/wp\/v2\/media?parent=1565"}],"curies":[{"name":"wp","href":"https:\/\/api.w.org\/{rel}","templated":true}]}}