{"id":13578,"date":"2024-09-02T10:51:57","date_gmt":"2024-09-02T08:51:57","guid":{"rendered":"https:\/\/efterklang.org\/sound-happens\/"},"modified":"2024-09-02T11:18:35","modified_gmt":"2024-09-02T09:18:35","slug":"sound-happens","status":"publish","type":"page","link":"https:\/\/efterklang.org\/sv\/sound-happens\/","title":{"rendered":"Sound Happens"},"content":{"rendered":"","protected":false},"excerpt":{"rendered":"","protected":false},"author":6,"featured_media":0,"parent":0,"menu_order":0,"comment_status":"closed","ping_status":"closed","template":"templates\/template-flexible.php","meta":{"_acf_changed":false,"footnotes":""},"class_list":["post-13578","page","type-page","status-publish","hentry"],"acf":[],"yoast_head":"<!-- This site is optimized with the Yoast SEO plugin v22.1 - https:\/\/yoast.com\/wordpress\/plugins\/seo\/ -->\n<title>Sound Happens - Efterklang<\/title>\n<meta name=\"description\" content=\"Ljud har funnits i alla tider och kommer f\u00f6rbli en del av v\u00e5r framtid, Vi f\u00f6rst\u00e5r ljudets potential och balanserar dess kraft med expertis.\" \/>\n<meta name=\"robots\" content=\"index, follow, max-snippet:-1, max-image-preview:large, max-video-preview:-1\" \/>\n<link rel=\"canonical\" href=\"https:\/\/efterklang.org\/sv\/sound-happens\/\" \/>\n<meta property=\"og:locale\" content=\"sv_SE\" \/>\n<meta property=\"og:type\" content=\"article\" \/>\n<meta property=\"og:title\" content=\"Sound Happens - Efterklang\" \/>\n<meta property=\"og:description\" content=\"Ljud har funnits i alla tider och kommer f\u00f6rbli en del av v\u00e5r framtid, Vi f\u00f6rst\u00e5r ljudets potential och balanserar dess kraft med expertis.\" \/>\n<meta property=\"og:url\" content=\"https:\/\/efterklang.org\/sv\/sound-happens\/\" \/>\n<meta property=\"og:site_name\" content=\"Efterklang\" \/>\n<meta property=\"article:modified_time\" content=\"2024-09-02T09:18:35+00:00\" \/>\n<meta name=\"twitter:card\" content=\"summary_large_image\" \/>\n<script type=\"application\/ld+json\" class=\"yoast-schema-graph\">{\"@context\":\"https:\/\/schema.org\",\"@graph\":[{\"@type\":\"WebPage\",\"@id\":\"https:\/\/efterklang.org\/sv\/sound-happens\/\",\"url\":\"https:\/\/efterklang.org\/sv\/sound-happens\/\",\"name\":\"Sound Happens - Efterklang\",\"isPartOf\":{\"@id\":\"https:\/\/efterklang.org\/#website\"},\"datePublished\":\"2024-09-02T08:51:57+00:00\",\"dateModified\":\"2024-09-02T09:18:35+00:00\",\"description\":\"Ljud har funnits i alla tider och kommer f\u00f6rbli en del av v\u00e5r framtid, Vi f\u00f6rst\u00e5r ljudets potential och balanserar dess kraft med expertis.\",\"breadcrumb\":{\"@id\":\"https:\/\/efterklang.org\/sv\/sound-happens\/#breadcrumb\"},\"inLanguage\":\"sv-SE\",\"potentialAction\":[{\"@type\":\"ReadAction\",\"target\":[\"https:\/\/efterklang.org\/sv\/sound-happens\/\"]}]},{\"@type\":\"BreadcrumbList\",\"@id\":\"https:\/\/efterklang.org\/sv\/sound-happens\/#breadcrumb\",\"itemListElement\":[{\"@type\":\"ListItem\",\"position\":1,\"name\":\"Home\",\"item\":\"https:\/\/efterklang.org\/sv\/\"},{\"@type\":\"ListItem\",\"position\":2,\"name\":\"Sound Happens\"}]},{\"@type\":\"WebSite\",\"@id\":\"https:\/\/efterklang.org\/#website\",\"url\":\"https:\/\/efterklang.org\/\",\"name\":\"Efterklang\",\"description\":\"P\u00e5 Efterklang designar och s\u00e4krar vi ljudmilj\u00f6er.\",\"publisher\":{\"@id\":\"https:\/\/efterklang.org\/#organization\"},\"potentialAction\":[{\"@type\":\"SearchAction\",\"target\":{\"@type\":\"EntryPoint\",\"urlTemplate\":\"https:\/\/efterklang.org\/?s={search_term_string}\"},\"query-input\":\"required name=search_term_string\"}],\"inLanguage\":\"sv-SE\"},{\"@type\":\"Organization\",\"@id\":\"https:\/\/efterklang.org\/#organization\",\"name\":\"Efterklang\",\"url\":\"https:\/\/efterklang.org\/\",\"logo\":{\"@type\":\"ImageObject\",\"inLanguage\":\"sv-SE\",\"@id\":\"https:\/\/efterklang.org\/#\/schema\/logo\/image\/\",\"url\":\"https:\/\/efterklang.org\/wp-content\/uploads\/2021\/10\/Asset-25.svg\",\"contentUrl\":\"https:\/\/efterklang.org\/wp-content\/uploads\/2021\/10\/Asset-25.svg\",\"caption\":\"Efterklang\"},\"image\":{\"@id\":\"https:\/\/efterklang.org\/#\/schema\/logo\/image\/\"}}]}<\/script>\n<!-- \/ Yoast SEO plugin. -->","yoast_head_json":{"title":"Sound Happens - Efterklang","description":"Ljud har funnits i alla tider och kommer f\u00f6rbli en del av v\u00e5r framtid, Vi f\u00f6rst\u00e5r ljudets potential och balanserar dess kraft med expertis.","robots":{"index":"index","follow":"follow","max-snippet":"max-snippet:-1","max-image-preview":"max-image-preview:large","max-video-preview":"max-video-preview:-1"},"canonical":"https:\/\/efterklang.org\/sv\/sound-happens\/","og_locale":"sv_SE","og_type":"article","og_title":"Sound Happens - Efterklang","og_description":"Ljud har funnits i alla tider och kommer f\u00f6rbli en del av v\u00e5r framtid, Vi f\u00f6rst\u00e5r ljudets potential och balanserar dess kraft med expertis.","og_url":"https:\/\/efterklang.org\/sv\/sound-happens\/","og_site_name":"Efterklang","article_modified_time":"2024-09-02T09:18:35+00:00","twitter_card":"summary_large_image","schema":{"@context":"https:\/\/schema.org","@graph":[{"@type":"WebPage","@id":"https:\/\/efterklang.org\/sv\/sound-happens\/","url":"https:\/\/efterklang.org\/sv\/sound-happens\/","name":"Sound Happens - Efterklang","isPartOf":{"@id":"https:\/\/efterklang.org\/#website"},"datePublished":"2024-09-02T08:51:57+00:00","dateModified":"2024-09-02T09:18:35+00:00","description":"Ljud har funnits i alla tider och kommer f\u00f6rbli en del av v\u00e5r framtid, Vi f\u00f6rst\u00e5r ljudets potential och balanserar dess kraft med expertis.","breadcrumb":{"@id":"https:\/\/efterklang.org\/sv\/sound-happens\/#breadcrumb"},"inLanguage":"sv-SE","potentialAction":[{"@type":"ReadAction","target":["https:\/\/efterklang.org\/sv\/sound-happens\/"]}]},{"@type":"BreadcrumbList","@id":"https:\/\/efterklang.org\/sv\/sound-happens\/#breadcrumb","itemListElement":[{"@type":"ListItem","position":1,"name":"Home","item":"https:\/\/efterklang.org\/sv\/"},{"@type":"ListItem","position":2,"name":"Sound Happens"}]},{"@type":"WebSite","@id":"https:\/\/efterklang.org\/#website","url":"https:\/\/efterklang.org\/","name":"Efterklang","description":"P\u00e5 Efterklang designar och s\u00e4krar vi ljudmilj\u00f6er.","publisher":{"@id":"https:\/\/efterklang.org\/#organization"},"potentialAction":[{"@type":"SearchAction","target":{"@type":"EntryPoint","urlTemplate":"https:\/\/efterklang.org\/?s={search_term_string}"},"query-input":"required name=search_term_string"}],"inLanguage":"sv-SE"},{"@type":"Organization","@id":"https:\/\/efterklang.org\/#organization","name":"Efterklang","url":"https:\/\/efterklang.org\/","logo":{"@type":"ImageObject","inLanguage":"sv-SE","@id":"https:\/\/efterklang.org\/#\/schema\/logo\/image\/","url":"https:\/\/efterklang.org\/wp-content\/uploads\/2021\/10\/Asset-25.svg","contentUrl":"https:\/\/efterklang.org\/wp-content\/uploads\/2021\/10\/Asset-25.svg","caption":"Efterklang"},"image":{"@id":"https:\/\/efterklang.org\/#\/schema\/logo\/image\/"}}]}},"_links":{"self":[{"href":"https:\/\/efterklang.org\/sv\/wp-json\/wp\/v2\/pages\/13578","targetHints":{"allow":["GET"]}}],"collection":[{"href":"https:\/\/efterklang.org\/sv\/wp-json\/wp\/v2\/pages"}],"about":[{"href":"https:\/\/efterklang.org\/sv\/wp-json\/wp\/v2\/types\/page"}],"author":[{"embeddable":true,"href":"https:\/\/efterklang.org\/sv\/wp-json\/wp\/v2\/users\/6"}],"replies":[{"embeddable":true,"href":"https:\/\/efterklang.org\/sv\/wp-json\/wp\/v2\/comments?post=13578"}],"version-history":[{"count":7,"href":"https:\/\/efterklang.org\/sv\/wp-json\/wp\/v2\/pages\/13578\/revisions"}],"predecessor-version":[{"id":13585,"href":"https:\/\/efterklang.org\/sv\/wp-json\/wp\/v2\/pages\/13578\/revisions\/13585"}],"wp:attachment":[{"href":"https:\/\/efterklang.org\/sv\/wp-json\/wp\/v2\/media?parent=13578"}],"curies":[{"name":"wp","href":"https:\/\/api.w.org\/{rel}","templated":true}]}}