{"id":10667,"date":"2023-02-17T10:56:53","date_gmt":"2023-02-17T09:56:53","guid":{"rendered":"https:\/\/efterklang.org\/alla-goda-ting-ar-tra\/"},"modified":"2024-05-22T10:51:58","modified_gmt":"2024-05-22T08:51:58","slug":"alla-goda-ting-ar-tra","status":"publish","type":"page","link":"https:\/\/efterklang.org\/sv\/alla-goda-ting-ar-tra\/","title":{"rendered":"Alla goda ting \u00e4r tr\u00e4"},"content":{"rendered":"","protected":false},"excerpt":{"rendered":"","protected":false},"author":6,"featured_media":0,"parent":0,"menu_order":0,"comment_status":"closed","ping_status":"closed","template":"templates\/template-flexible.php","meta":{"_acf_changed":false,"footnotes":""},"class_list":["post-10667","page","type-page","status-publish","hentry"],"acf":[],"yoast_head":"<!-- This site is optimized with the Yoast SEO plugin v22.1 - https:\/\/yoast.com\/wordpress\/plugins\/seo\/ -->\n<title>Alla goda ting \u00e4r tr\u00e4 - Efterklang<\/title>\n<meta name=\"description\" content=\"P\u00e5 Efterklang har vi stor erfarenhet av akustik och tr\u00e4konstruktioner. Vi \u00e4r bekanta med typiska utmaningar och \u00e4ven effektiva l\u00f6sningar.\" \/>\n<meta name=\"robots\" content=\"index, follow, max-snippet:-1, max-image-preview:large, max-video-preview:-1\" \/>\n<link rel=\"canonical\" href=\"https:\/\/efterklang.org\/sv\/alla-goda-ting-ar-tra\/\" \/>\n<meta property=\"og:locale\" content=\"sv_SE\" \/>\n<meta property=\"og:type\" content=\"article\" \/>\n<meta property=\"og:title\" content=\"Alla goda ting \u00e4r tr\u00e4 - Efterklang\" \/>\n<meta property=\"og:description\" content=\"P\u00e5 Efterklang har vi stor erfarenhet av akustik och tr\u00e4konstruktioner. Vi \u00e4r bekanta med typiska utmaningar och \u00e4ven effektiva l\u00f6sningar.\" \/>\n<meta property=\"og:url\" content=\"https:\/\/efterklang.org\/sv\/alla-goda-ting-ar-tra\/\" \/>\n<meta property=\"og:site_name\" content=\"Efterklang\" \/>\n<meta property=\"article:modified_time\" content=\"2024-05-22T08:51:58+00:00\" \/>\n<meta name=\"twitter:card\" content=\"summary_large_image\" \/>\n<script type=\"application\/ld+json\" class=\"yoast-schema-graph\">{\"@context\":\"https:\/\/schema.org\",\"@graph\":[{\"@type\":\"WebPage\",\"@id\":\"https:\/\/efterklang.org\/sv\/alla-goda-ting-ar-tra\/\",\"url\":\"https:\/\/efterklang.org\/sv\/alla-goda-ting-ar-tra\/\",\"name\":\"Alla goda ting \u00e4r tr\u00e4 - Efterklang\",\"isPartOf\":{\"@id\":\"https:\/\/efterklang.org\/#website\"},\"datePublished\":\"2023-02-17T09:56:53+00:00\",\"dateModified\":\"2024-05-22T08:51:58+00:00\",\"description\":\"P\u00e5 Efterklang har vi stor erfarenhet av akustik och tr\u00e4konstruktioner. Vi \u00e4r bekanta med typiska utmaningar och \u00e4ven effektiva l\u00f6sningar.\",\"breadcrumb\":{\"@id\":\"https:\/\/efterklang.org\/sv\/alla-goda-ting-ar-tra\/#breadcrumb\"},\"inLanguage\":\"sv-SE\",\"potentialAction\":[{\"@type\":\"ReadAction\",\"target\":[\"https:\/\/efterklang.org\/sv\/alla-goda-ting-ar-tra\/\"]}]},{\"@type\":\"BreadcrumbList\",\"@id\":\"https:\/\/efterklang.org\/sv\/alla-goda-ting-ar-tra\/#breadcrumb\",\"itemListElement\":[{\"@type\":\"ListItem\",\"position\":1,\"name\":\"Home\",\"item\":\"https:\/\/efterklang.org\/sv\/\"},{\"@type\":\"ListItem\",\"position\":2,\"name\":\"Alla goda ting \u00e4r tr\u00e4\"}]},{\"@type\":\"WebSite\",\"@id\":\"https:\/\/efterklang.org\/#website\",\"url\":\"https:\/\/efterklang.org\/\",\"name\":\"Efterklang\",\"description\":\"P\u00e5 Efterklang designar och s\u00e4krar vi ljudmilj\u00f6er.\",\"publisher\":{\"@id\":\"https:\/\/efterklang.org\/#organization\"},\"potentialAction\":[{\"@type\":\"SearchAction\",\"target\":{\"@type\":\"EntryPoint\",\"urlTemplate\":\"https:\/\/efterklang.org\/?s={search_term_string}\"},\"query-input\":\"required name=search_term_string\"}],\"inLanguage\":\"sv-SE\"},{\"@type\":\"Organization\",\"@id\":\"https:\/\/efterklang.org\/#organization\",\"name\":\"Efterklang\",\"url\":\"https:\/\/efterklang.org\/\",\"logo\":{\"@type\":\"ImageObject\",\"inLanguage\":\"sv-SE\",\"@id\":\"https:\/\/efterklang.org\/#\/schema\/logo\/image\/\",\"url\":\"https:\/\/efterklang.org\/wp-content\/uploads\/2021\/10\/Asset-25.svg\",\"contentUrl\":\"https:\/\/efterklang.org\/wp-content\/uploads\/2021\/10\/Asset-25.svg\",\"caption\":\"Efterklang\"},\"image\":{\"@id\":\"https:\/\/efterklang.org\/#\/schema\/logo\/image\/\"}}]}<\/script>\n<!-- \/ Yoast SEO plugin. -->","yoast_head_json":{"title":"Alla goda ting \u00e4r tr\u00e4 - Efterklang","description":"P\u00e5 Efterklang har vi stor erfarenhet av akustik och tr\u00e4konstruktioner. Vi \u00e4r bekanta med typiska utmaningar och \u00e4ven effektiva l\u00f6sningar.","robots":{"index":"index","follow":"follow","max-snippet":"max-snippet:-1","max-image-preview":"max-image-preview:large","max-video-preview":"max-video-preview:-1"},"canonical":"https:\/\/efterklang.org\/sv\/alla-goda-ting-ar-tra\/","og_locale":"sv_SE","og_type":"article","og_title":"Alla goda ting \u00e4r tr\u00e4 - Efterklang","og_description":"P\u00e5 Efterklang har vi stor erfarenhet av akustik och tr\u00e4konstruktioner. Vi \u00e4r bekanta med typiska utmaningar och \u00e4ven effektiva l\u00f6sningar.","og_url":"https:\/\/efterklang.org\/sv\/alla-goda-ting-ar-tra\/","og_site_name":"Efterklang","article_modified_time":"2024-05-22T08:51:58+00:00","twitter_card":"summary_large_image","schema":{"@context":"https:\/\/schema.org","@graph":[{"@type":"WebPage","@id":"https:\/\/efterklang.org\/sv\/alla-goda-ting-ar-tra\/","url":"https:\/\/efterklang.org\/sv\/alla-goda-ting-ar-tra\/","name":"Alla goda ting \u00e4r tr\u00e4 - Efterklang","isPartOf":{"@id":"https:\/\/efterklang.org\/#website"},"datePublished":"2023-02-17T09:56:53+00:00","dateModified":"2024-05-22T08:51:58+00:00","description":"P\u00e5 Efterklang har vi stor erfarenhet av akustik och tr\u00e4konstruktioner. Vi \u00e4r bekanta med typiska utmaningar och \u00e4ven effektiva l\u00f6sningar.","breadcrumb":{"@id":"https:\/\/efterklang.org\/sv\/alla-goda-ting-ar-tra\/#breadcrumb"},"inLanguage":"sv-SE","potentialAction":[{"@type":"ReadAction","target":["https:\/\/efterklang.org\/sv\/alla-goda-ting-ar-tra\/"]}]},{"@type":"BreadcrumbList","@id":"https:\/\/efterklang.org\/sv\/alla-goda-ting-ar-tra\/#breadcrumb","itemListElement":[{"@type":"ListItem","position":1,"name":"Home","item":"https:\/\/efterklang.org\/sv\/"},{"@type":"ListItem","position":2,"name":"Alla goda ting \u00e4r tr\u00e4"}]},{"@type":"WebSite","@id":"https:\/\/efterklang.org\/#website","url":"https:\/\/efterklang.org\/","name":"Efterklang","description":"P\u00e5 Efterklang designar och s\u00e4krar vi ljudmilj\u00f6er.","publisher":{"@id":"https:\/\/efterklang.org\/#organization"},"potentialAction":[{"@type":"SearchAction","target":{"@type":"EntryPoint","urlTemplate":"https:\/\/efterklang.org\/?s={search_term_string}"},"query-input":"required name=search_term_string"}],"inLanguage":"sv-SE"},{"@type":"Organization","@id":"https:\/\/efterklang.org\/#organization","name":"Efterklang","url":"https:\/\/efterklang.org\/","logo":{"@type":"ImageObject","inLanguage":"sv-SE","@id":"https:\/\/efterklang.org\/#\/schema\/logo\/image\/","url":"https:\/\/efterklang.org\/wp-content\/uploads\/2021\/10\/Asset-25.svg","contentUrl":"https:\/\/efterklang.org\/wp-content\/uploads\/2021\/10\/Asset-25.svg","caption":"Efterklang"},"image":{"@id":"https:\/\/efterklang.org\/#\/schema\/logo\/image\/"}}]}},"_links":{"self":[{"href":"https:\/\/efterklang.org\/sv\/wp-json\/wp\/v2\/pages\/10667","targetHints":{"allow":["GET"]}}],"collection":[{"href":"https:\/\/efterklang.org\/sv\/wp-json\/wp\/v2\/pages"}],"about":[{"href":"https:\/\/efterklang.org\/sv\/wp-json\/wp\/v2\/types\/page"}],"author":[{"embeddable":true,"href":"https:\/\/efterklang.org\/sv\/wp-json\/wp\/v2\/users\/6"}],"replies":[{"embeddable":true,"href":"https:\/\/efterklang.org\/sv\/wp-json\/wp\/v2\/comments?post=10667"}],"version-history":[{"count":9,"href":"https:\/\/efterklang.org\/sv\/wp-json\/wp\/v2\/pages\/10667\/revisions"}],"predecessor-version":[{"id":12974,"href":"https:\/\/efterklang.org\/sv\/wp-json\/wp\/v2\/pages\/10667\/revisions\/12974"}],"wp:attachment":[{"href":"https:\/\/efterklang.org\/sv\/wp-json\/wp\/v2\/media?parent=10667"}],"curies":[{"name":"wp","href":"https:\/\/api.w.org\/{rel}","templated":true}]}}