{"id":1574,"date":"2021-11-10T10:50:24","date_gmt":"2021-11-10T15:50:24","guid":{"rendered":"http:\/\/efterklang.org.hemsida.eu\/what-we-do\/"},"modified":"2024-02-16T14:07:35","modified_gmt":"2024-02-16T13:07:35","slug":"hva-vi-gjor","status":"publish","type":"page","link":"https:\/\/efterklang.org\/no\/hva-vi-gjor\/","title":{"rendered":"V\u00e5re tjenester"},"content":{"rendered":"<p><strong>V\u00e5r komplette palett av lyd- og vibrasjonstjenester gj\u00f8r at vi kan skape unike og optimale milj\u00f8er. Vi tilbyr spesialiserte tjenester innen akustikk, st\u00f8y, vibrasjoner og lyddesign.<br \/>\n<\/strong><\/p>\n<p>&nbsp;<\/p>\n","protected":false},"excerpt":{"rendered":"<p>V\u00e5r komplette palett av lyd- og vibrasjonstjenester gj\u00f8r at vi kan skape unike og optimale milj\u00f8er. Vi tilbyr spesialiserte tjenester innen akustikk, st\u00f8y, vibrasjoner og lyddesign. &nbsp;<\/p>\n","protected":false},"author":2,"featured_media":2154,"parent":0,"menu_order":0,"comment_status":"closed","ping_status":"closed","template":"templates\/template-services.php","meta":{"_acf_changed":false,"footnotes":""},"class_list":["post-1574","page","type-page","status-publish","has-post-thumbnail","hentry"],"acf":[],"yoast_head":"<!-- This site is optimized with the Yoast SEO plugin v22.1 - https:\/\/yoast.com\/wordpress\/plugins\/seo\/ -->\n<title>V\u00e5re tjenester - Efterklang<\/title>\n<meta name=\"description\" content=\"V\u00e5r komplette palett av lyd- og vibrasjonstjenester gj\u00f8r at vi kan skape unike og optimale milj\u00f8er der vi forsterker f\u00f8lelser.\" \/>\n<meta name=\"robots\" content=\"index, follow, max-snippet:-1, max-image-preview:large, max-video-preview:-1\" \/>\n<link rel=\"canonical\" href=\"https:\/\/efterklang.org\/hva-vi-gjor\/?lang=no\" \/>\n<meta property=\"og:locale\" content=\"nb_NO\" \/>\n<meta property=\"og:type\" content=\"article\" \/>\n<meta property=\"og:title\" content=\"V\u00e5re tjenester - Efterklang\" \/>\n<meta property=\"og:description\" content=\"V\u00e5r komplette palett av lyd- og vibrasjonstjenester gj\u00f8r at vi kan skape unike og optimale milj\u00f8er der vi forsterker f\u00f8lelser.\" \/>\n<meta property=\"og:url\" content=\"https:\/\/efterklang.org\/hva-vi-gjor\/?lang=no\" \/>\n<meta property=\"og:site_name\" content=\"Efterklang\" \/>\n<meta property=\"article:modified_time\" content=\"2024-02-16T13:07:35+00:00\" \/>\n<meta property=\"og:image\" content=\"https:\/\/efterklang.org\/wp-content\/uploads\/2021\/11\/Acoustics.jpg\" \/>\n\t<meta property=\"og:image:width\" content=\"5066\" \/>\n\t<meta property=\"og:image:height\" content=\"3800\" \/>\n\t<meta property=\"og:image:type\" content=\"image\/jpeg\" \/>\n<meta name=\"twitter:card\" content=\"summary_large_image\" \/>\n<meta name=\"twitter:label1\" content=\"Ansl. lesetid\" \/>\n\t<meta name=\"twitter:data1\" content=\"1 minutt\" \/>\n<script type=\"application\/ld+json\" class=\"yoast-schema-graph\">{\"@context\":\"https:\/\/schema.org\",\"@graph\":[{\"@type\":\"WebPage\",\"@id\":\"https:\/\/efterklang.org\/hva-vi-gjor\/?lang=no\",\"url\":\"https:\/\/efterklang.org\/hva-vi-gjor\/?lang=no\",\"name\":\"V\u00e5re tjenester - Efterklang\",\"isPartOf\":{\"@id\":\"https:\/\/efterklang.org\/#website\"},\"datePublished\":\"2021-11-10T15:50:24+00:00\",\"dateModified\":\"2024-02-16T13:07:35+00:00\",\"description\":\"V\u00e5r komplette palett av lyd- og vibrasjonstjenester gj\u00f8r at vi kan skape unike og optimale milj\u00f8er der vi forsterker f\u00f8lelser.\",\"breadcrumb\":{\"@id\":\"https:\/\/efterklang.org\/hva-vi-gjor\/?lang=no#breadcrumb\"},\"inLanguage\":\"nb-NO\",\"potentialAction\":[{\"@type\":\"ReadAction\",\"target\":[\"https:\/\/efterklang.org\/hva-vi-gjor\/?lang=no\"]}]},{\"@type\":\"BreadcrumbList\",\"@id\":\"https:\/\/efterklang.org\/hva-vi-gjor\/?lang=no#breadcrumb\",\"itemListElement\":[{\"@type\":\"ListItem\",\"position\":1,\"name\":\"Home\",\"item\":\"https:\/\/efterklang.org\/no\/\"},{\"@type\":\"ListItem\",\"position\":2,\"name\":\"V\u00e5re tjenester\"}]},{\"@type\":\"WebSite\",\"@id\":\"https:\/\/efterklang.org\/#website\",\"url\":\"https:\/\/efterklang.org\/\",\"name\":\"Efterklang\",\"description\":\"Site by basta-kompisar\",\"publisher\":{\"@id\":\"https:\/\/efterklang.org\/#organization\"},\"potentialAction\":[{\"@type\":\"SearchAction\",\"target\":{\"@type\":\"EntryPoint\",\"urlTemplate\":\"https:\/\/efterklang.org\/?s={search_term_string}\"},\"query-input\":\"required name=search_term_string\"}],\"inLanguage\":\"nb-NO\"},{\"@type\":\"Organization\",\"@id\":\"https:\/\/efterklang.org\/#organization\",\"name\":\"Efterklang\",\"url\":\"https:\/\/efterklang.org\/\",\"logo\":{\"@type\":\"ImageObject\",\"inLanguage\":\"nb-NO\",\"@id\":\"https:\/\/efterklang.org\/#\/schema\/logo\/image\/\",\"url\":\"https:\/\/efterklang.org\/wp-content\/uploads\/2021\/10\/Asset-25.svg\",\"contentUrl\":\"https:\/\/efterklang.org\/wp-content\/uploads\/2021\/10\/Asset-25.svg\",\"caption\":\"Efterklang\"},\"image\":{\"@id\":\"https:\/\/efterklang.org\/#\/schema\/logo\/image\/\"}}]}<\/script>\n<!-- \/ Yoast SEO plugin. -->","yoast_head_json":{"title":"V\u00e5re tjenester - Efterklang","description":"V\u00e5r komplette palett av lyd- og vibrasjonstjenester gj\u00f8r at vi kan skape unike og optimale milj\u00f8er der vi forsterker f\u00f8lelser.","robots":{"index":"index","follow":"follow","max-snippet":"max-snippet:-1","max-image-preview":"max-image-preview:large","max-video-preview":"max-video-preview:-1"},"canonical":"https:\/\/efterklang.org\/hva-vi-gjor\/?lang=no","og_locale":"nb_NO","og_type":"article","og_title":"V\u00e5re tjenester - Efterklang","og_description":"V\u00e5r komplette palett av lyd- og vibrasjonstjenester gj\u00f8r at vi kan skape unike og optimale milj\u00f8er der vi forsterker f\u00f8lelser.","og_url":"https:\/\/efterklang.org\/hva-vi-gjor\/?lang=no","og_site_name":"Efterklang","article_modified_time":"2024-02-16T13:07:35+00:00","og_image":[{"width":5066,"height":3800,"url":"https:\/\/efterklang.org\/wp-content\/uploads\/2021\/11\/Acoustics.jpg","type":"image\/jpeg"}],"twitter_card":"summary_large_image","twitter_misc":{"Ansl. lesetid":"1 minutt"},"schema":{"@context":"https:\/\/schema.org","@graph":[{"@type":"WebPage","@id":"https:\/\/efterklang.org\/hva-vi-gjor\/?lang=no","url":"https:\/\/efterklang.org\/hva-vi-gjor\/?lang=no","name":"V\u00e5re tjenester - Efterklang","isPartOf":{"@id":"https:\/\/efterklang.org\/#website"},"datePublished":"2021-11-10T15:50:24+00:00","dateModified":"2024-02-16T13:07:35+00:00","description":"V\u00e5r komplette palett av lyd- og vibrasjonstjenester gj\u00f8r at vi kan skape unike og optimale milj\u00f8er der vi forsterker f\u00f8lelser.","breadcrumb":{"@id":"https:\/\/efterklang.org\/hva-vi-gjor\/?lang=no#breadcrumb"},"inLanguage":"nb-NO","potentialAction":[{"@type":"ReadAction","target":["https:\/\/efterklang.org\/hva-vi-gjor\/?lang=no"]}]},{"@type":"BreadcrumbList","@id":"https:\/\/efterklang.org\/hva-vi-gjor\/?lang=no#breadcrumb","itemListElement":[{"@type":"ListItem","position":1,"name":"Home","item":"https:\/\/efterklang.org\/no\/"},{"@type":"ListItem","position":2,"name":"V\u00e5re tjenester"}]},{"@type":"WebSite","@id":"https:\/\/efterklang.org\/#website","url":"https:\/\/efterklang.org\/","name":"Efterklang","description":"Site by basta-kompisar","publisher":{"@id":"https:\/\/efterklang.org\/#organization"},"potentialAction":[{"@type":"SearchAction","target":{"@type":"EntryPoint","urlTemplate":"https:\/\/efterklang.org\/?s={search_term_string}"},"query-input":"required name=search_term_string"}],"inLanguage":"nb-NO"},{"@type":"Organization","@id":"https:\/\/efterklang.org\/#organization","name":"Efterklang","url":"https:\/\/efterklang.org\/","logo":{"@type":"ImageObject","inLanguage":"nb-NO","@id":"https:\/\/efterklang.org\/#\/schema\/logo\/image\/","url":"https:\/\/efterklang.org\/wp-content\/uploads\/2021\/10\/Asset-25.svg","contentUrl":"https:\/\/efterklang.org\/wp-content\/uploads\/2021\/10\/Asset-25.svg","caption":"Efterklang"},"image":{"@id":"https:\/\/efterklang.org\/#\/schema\/logo\/image\/"}}]}},"_links":{"self":[{"href":"https:\/\/efterklang.org\/no\/wp-json\/wp\/v2\/pages\/1574","targetHints":{"allow":["GET"]}}],"collection":[{"href":"https:\/\/efterklang.org\/no\/wp-json\/wp\/v2\/pages"}],"about":[{"href":"https:\/\/efterklang.org\/no\/wp-json\/wp\/v2\/types\/page"}],"author":[{"embeddable":true,"href":"https:\/\/efterklang.org\/no\/wp-json\/wp\/v2\/users\/2"}],"replies":[{"embeddable":true,"href":"https:\/\/efterklang.org\/no\/wp-json\/wp\/v2\/comments?post=1574"}],"version-history":[{"count":10,"href":"https:\/\/efterklang.org\/no\/wp-json\/wp\/v2\/pages\/1574\/revisions"}],"predecessor-version":[{"id":12435,"href":"https:\/\/efterklang.org\/no\/wp-json\/wp\/v2\/pages\/1574\/revisions\/12435"}],"wp:featuredmedia":[{"embeddable":true,"href":"https:\/\/efterklang.org\/no\/wp-json\/wp\/v2\/media\/2154"}],"wp:attachment":[{"href":"https:\/\/efterklang.org\/no\/wp-json\/wp\/v2\/media?parent=1574"}],"curies":[{"name":"wp","href":"https:\/\/api.w.org\/{rel}","templated":true}]}}