{"id":6966,"date":"2022-03-22T09:00:35","date_gmt":"2022-03-22T08:00:35","guid":{"rendered":"https:\/\/efterklang.org\/meidan-ihmiset\/"},"modified":"2023-09-27T15:15:30","modified_gmt":"2023-09-27T13:15:30","slug":"tekijat","status":"publish","type":"page","link":"https:\/\/efterklang.org\/fi\/tekijat\/","title":{"rendered":"Tekij\u00e4t"},"content":{"rendered":"<p><b>Tiimimme on monimuotoinen yhdistelm\u00e4 ihmisi\u00e4, joiden taustat vaihtelevat muotoilusta tekniikkaan ja musiikista akateemiseen maailmaan. Olemme luotettava kumppani, uniikki designtoimisto ja suunnittelijoiden, arkkitehtien, insin\u00f6\u00f6rien ja asiakkaiden verkosto. Kaikki yhdess\u00e4 paketissa.<\/b><\/p>\n","protected":false},"excerpt":{"rendered":"<p>Tiimimme on monimuotoinen yhdistelm\u00e4 ihmisi\u00e4, joiden taustat vaihtelevat muotoilusta tekniikkaan ja musiikista akateemiseen maailmaan. Olemme luotettava kumppani, uniikki designtoimisto ja suunnittelijoiden, arkkitehtien, insin\u00f6\u00f6rien ja asiakkaiden verkosto. Kaikki yhdess\u00e4 paketissa.<\/p>\n","protected":false},"author":2,"featured_media":11720,"parent":0,"menu_order":0,"comment_status":"closed","ping_status":"closed","template":"templates\/template-team.php","meta":{"_acf_changed":false,"footnotes":""},"class_list":["post-6966","page","type-page","status-publish","has-post-thumbnail","hentry"],"acf":[],"yoast_head":"<!-- This site is optimized with the Yoast SEO plugin v22.1 - https:\/\/yoast.com\/wordpress\/plugins\/seo\/ -->\n<title>Tekij\u00e4t - Efterklang<\/title>\n<meta name=\"description\" content=\"Olemme luotettava kumppani, uniikki designtoimisto ja suunnittelijoiden, arkkitehtien , insin\u00f6\u00f6rien ja asiakkaiden verkosto. Kaikki yhdess\u00e4 paketissa.\" \/>\n<meta name=\"robots\" content=\"index, follow, max-snippet:-1, max-image-preview:large, max-video-preview:-1\" \/>\n<link rel=\"canonical\" href=\"https:\/\/efterklang.org\/tekijat\/?lang=fi\" \/>\n<meta property=\"og:locale\" content=\"fi_FI\" \/>\n<meta property=\"og:type\" content=\"article\" \/>\n<meta property=\"og:title\" content=\"Tekij\u00e4t - Efterklang\" \/>\n<meta property=\"og:description\" content=\"Olemme luotettava kumppani, uniikki designtoimisto ja suunnittelijoiden, arkkitehtien , insin\u00f6\u00f6rien ja asiakkaiden verkosto. Kaikki yhdess\u00e4 paketissa.\" \/>\n<meta property=\"og:url\" content=\"https:\/\/efterklang.org\/tekijat\/?lang=fi\" \/>\n<meta property=\"og:site_name\" content=\"Efterklang\" \/>\n<meta property=\"article:modified_time\" content=\"2023-09-27T13:15:30+00:00\" \/>\n<meta property=\"og:image\" content=\"https:\/\/efterklang.org\/wp-content\/uploads\/2023\/09\/We-are-Efterklang-2023.jpeg\" \/>\n\t<meta property=\"og:image:width\" content=\"1200\" \/>\n\t<meta property=\"og:image:height\" content=\"653\" \/>\n\t<meta property=\"og:image:type\" content=\"image\/jpeg\" \/>\n<meta name=\"twitter:card\" content=\"summary_large_image\" \/>\n<script type=\"application\/ld+json\" class=\"yoast-schema-graph\">{\"@context\":\"https:\/\/schema.org\",\"@graph\":[{\"@type\":\"WebPage\",\"@id\":\"https:\/\/efterklang.org\/tekijat\/?lang=fi\",\"url\":\"https:\/\/efterklang.org\/tekijat\/?lang=fi\",\"name\":\"Tekij\u00e4t - Efterklang\",\"isPartOf\":{\"@id\":\"https:\/\/efterklang.org\/#website\"},\"datePublished\":\"2022-03-22T08:00:35+00:00\",\"dateModified\":\"2023-09-27T13:15:30+00:00\",\"description\":\"Olemme luotettava kumppani, uniikki designtoimisto ja suunnittelijoiden, arkkitehtien , insin\u00f6\u00f6rien ja asiakkaiden verkosto. Kaikki yhdess\u00e4 paketissa.\",\"breadcrumb\":{\"@id\":\"https:\/\/efterklang.org\/tekijat\/?lang=fi#breadcrumb\"},\"inLanguage\":\"fi\",\"potentialAction\":[{\"@type\":\"ReadAction\",\"target\":[\"https:\/\/efterklang.org\/tekijat\/?lang=fi\"]}]},{\"@type\":\"BreadcrumbList\",\"@id\":\"https:\/\/efterklang.org\/tekijat\/?lang=fi#breadcrumb\",\"itemListElement\":[{\"@type\":\"ListItem\",\"position\":1,\"name\":\"Home\",\"item\":\"https:\/\/efterklang.org\/fi\/\"},{\"@type\":\"ListItem\",\"position\":2,\"name\":\"Tekij\u00e4t\"}]},{\"@type\":\"WebSite\",\"@id\":\"https:\/\/efterklang.org\/#website\",\"url\":\"https:\/\/efterklang.org\/\",\"name\":\"Efterklang\",\"description\":\"Site by basta-kompisar\",\"publisher\":{\"@id\":\"https:\/\/efterklang.org\/#organization\"},\"potentialAction\":[{\"@type\":\"SearchAction\",\"target\":{\"@type\":\"EntryPoint\",\"urlTemplate\":\"https:\/\/efterklang.org\/?s={search_term_string}\"},\"query-input\":\"required name=search_term_string\"}],\"inLanguage\":\"fi\"},{\"@type\":\"Organization\",\"@id\":\"https:\/\/efterklang.org\/#organization\",\"name\":\"Efterklang\",\"url\":\"https:\/\/efterklang.org\/\",\"logo\":{\"@type\":\"ImageObject\",\"inLanguage\":\"fi\",\"@id\":\"https:\/\/efterklang.org\/#\/schema\/logo\/image\/\",\"url\":\"https:\/\/efterklang.org\/wp-content\/uploads\/2021\/10\/Asset-25.svg\",\"contentUrl\":\"https:\/\/efterklang.org\/wp-content\/uploads\/2021\/10\/Asset-25.svg\",\"caption\":\"Efterklang\"},\"image\":{\"@id\":\"https:\/\/efterklang.org\/#\/schema\/logo\/image\/\"}}]}<\/script>\n<!-- \/ Yoast SEO plugin. -->","yoast_head_json":{"title":"Tekij\u00e4t - Efterklang","description":"Olemme luotettava kumppani, uniikki designtoimisto ja suunnittelijoiden, arkkitehtien , insin\u00f6\u00f6rien ja asiakkaiden verkosto. Kaikki yhdess\u00e4 paketissa.","robots":{"index":"index","follow":"follow","max-snippet":"max-snippet:-1","max-image-preview":"max-image-preview:large","max-video-preview":"max-video-preview:-1"},"canonical":"https:\/\/efterklang.org\/tekijat\/?lang=fi","og_locale":"fi_FI","og_type":"article","og_title":"Tekij\u00e4t - Efterklang","og_description":"Olemme luotettava kumppani, uniikki designtoimisto ja suunnittelijoiden, arkkitehtien , insin\u00f6\u00f6rien ja asiakkaiden verkosto. Kaikki yhdess\u00e4 paketissa.","og_url":"https:\/\/efterklang.org\/tekijat\/?lang=fi","og_site_name":"Efterklang","article_modified_time":"2023-09-27T13:15:30+00:00","og_image":[{"width":1200,"height":653,"url":"https:\/\/efterklang.org\/wp-content\/uploads\/2023\/09\/We-are-Efterklang-2023.jpeg","type":"image\/jpeg"}],"twitter_card":"summary_large_image","schema":{"@context":"https:\/\/schema.org","@graph":[{"@type":"WebPage","@id":"https:\/\/efterklang.org\/tekijat\/?lang=fi","url":"https:\/\/efterklang.org\/tekijat\/?lang=fi","name":"Tekij\u00e4t - Efterklang","isPartOf":{"@id":"https:\/\/efterklang.org\/#website"},"datePublished":"2022-03-22T08:00:35+00:00","dateModified":"2023-09-27T13:15:30+00:00","description":"Olemme luotettava kumppani, uniikki designtoimisto ja suunnittelijoiden, arkkitehtien , insin\u00f6\u00f6rien ja asiakkaiden verkosto. Kaikki yhdess\u00e4 paketissa.","breadcrumb":{"@id":"https:\/\/efterklang.org\/tekijat\/?lang=fi#breadcrumb"},"inLanguage":"fi","potentialAction":[{"@type":"ReadAction","target":["https:\/\/efterklang.org\/tekijat\/?lang=fi"]}]},{"@type":"BreadcrumbList","@id":"https:\/\/efterklang.org\/tekijat\/?lang=fi#breadcrumb","itemListElement":[{"@type":"ListItem","position":1,"name":"Home","item":"https:\/\/efterklang.org\/fi\/"},{"@type":"ListItem","position":2,"name":"Tekij\u00e4t"}]},{"@type":"WebSite","@id":"https:\/\/efterklang.org\/#website","url":"https:\/\/efterklang.org\/","name":"Efterklang","description":"Site by basta-kompisar","publisher":{"@id":"https:\/\/efterklang.org\/#organization"},"potentialAction":[{"@type":"SearchAction","target":{"@type":"EntryPoint","urlTemplate":"https:\/\/efterklang.org\/?s={search_term_string}"},"query-input":"required name=search_term_string"}],"inLanguage":"fi"},{"@type":"Organization","@id":"https:\/\/efterklang.org\/#organization","name":"Efterklang","url":"https:\/\/efterklang.org\/","logo":{"@type":"ImageObject","inLanguage":"fi","@id":"https:\/\/efterklang.org\/#\/schema\/logo\/image\/","url":"https:\/\/efterklang.org\/wp-content\/uploads\/2021\/10\/Asset-25.svg","contentUrl":"https:\/\/efterklang.org\/wp-content\/uploads\/2021\/10\/Asset-25.svg","caption":"Efterklang"},"image":{"@id":"https:\/\/efterklang.org\/#\/schema\/logo\/image\/"}}]}},"_links":{"self":[{"href":"https:\/\/efterklang.org\/fi\/wp-json\/wp\/v2\/pages\/6966","targetHints":{"allow":["GET"]}}],"collection":[{"href":"https:\/\/efterklang.org\/fi\/wp-json\/wp\/v2\/pages"}],"about":[{"href":"https:\/\/efterklang.org\/fi\/wp-json\/wp\/v2\/types\/page"}],"author":[{"embeddable":true,"href":"https:\/\/efterklang.org\/fi\/wp-json\/wp\/v2\/users\/2"}],"replies":[{"embeddable":true,"href":"https:\/\/efterklang.org\/fi\/wp-json\/wp\/v2\/comments?post=6966"}],"version-history":[{"count":4,"href":"https:\/\/efterklang.org\/fi\/wp-json\/wp\/v2\/pages\/6966\/revisions"}],"predecessor-version":[{"id":8749,"href":"https:\/\/efterklang.org\/fi\/wp-json\/wp\/v2\/pages\/6966\/revisions\/8749"}],"wp:featuredmedia":[{"embeddable":true,"href":"https:\/\/efterklang.org\/fi\/wp-json\/wp\/v2\/media\/11720"}],"wp:attachment":[{"href":"https:\/\/efterklang.org\/fi\/wp-json\/wp\/v2\/media?parent=6966"}],"curies":[{"name":"wp","href":"https:\/\/api.w.org\/{rel}","templated":true}]}}