{"id":6964,"date":"2022-03-22T08:56:26","date_gmt":"2022-03-22T07:56:26","guid":{"rendered":"https:\/\/efterklang.org\/aloitussivu\/"},"modified":"2025-12-01T11:53:20","modified_gmt":"2025-12-01T10:53:20","slug":"aloitussivu","status":"publish","type":"page","link":"https:\/\/efterklang.org\/fi\/","title":{"rendered":"Etusivu"},"content":{"rendered":"","protected":false},"excerpt":{"rendered":"","protected":false},"author":2,"featured_media":0,"parent":0,"menu_order":0,"comment_status":"closed","ping_status":"closed","template":"templates\/template-flexible.php","meta":{"_acf_changed":false,"footnotes":""},"class_list":["post-6964","page","type-page","status-publish","hentry"],"acf":[],"yoast_head":"<!-- This site is optimized with the Yoast SEO plugin v22.1 - https:\/\/yoast.com\/wordpress\/plugins\/seo\/ -->\n<title>Etusivu - Efterklang<\/title>\n<meta name=\"description\" content=\"Me olemme Efterklang \u2013 Autamme kaikissa akustiikkaan, meluon, t\u00e4rin\u00e4\u00e4n ja \u00e4\u00e4nisuunnitteluun liittyviss\u00e4 kysymyksiss\u00e4.\" \/>\n<meta name=\"robots\" content=\"index, follow, max-snippet:-1, max-image-preview:large, max-video-preview:-1\" \/>\n<link rel=\"canonical\" href=\"https:\/\/efterklang.org\/fi\/\" \/>\n<meta property=\"og:locale\" content=\"fi_FI\" \/>\n<meta property=\"og:type\" content=\"article\" \/>\n<meta property=\"og:title\" content=\"Etusivu - Efterklang\" \/>\n<meta property=\"og:description\" content=\"Me olemme Efterklang \u2013 Autamme kaikissa akustiikkaan, meluon, t\u00e4rin\u00e4\u00e4n ja \u00e4\u00e4nisuunnitteluun liittyviss\u00e4 kysymyksiss\u00e4.\" \/>\n<meta property=\"og:url\" content=\"https:\/\/efterklang.org\/fi\/\" \/>\n<meta property=\"og:site_name\" content=\"Efterklang\" \/>\n<meta property=\"article:modified_time\" content=\"2025-12-01T10:53:20+00:00\" \/>\n<meta name=\"twitter:card\" content=\"summary_large_image\" \/>\n<script type=\"application\/ld+json\" class=\"yoast-schema-graph\">{\"@context\":\"https:\/\/schema.org\",\"@graph\":[{\"@type\":\"WebPage\",\"@id\":\"https:\/\/efterklang.org\/fi\/\",\"url\":\"https:\/\/efterklang.org\/fi\/\",\"name\":\"Etusivu - Efterklang\",\"isPartOf\":{\"@id\":\"https:\/\/efterklang.org\/#website\"},\"datePublished\":\"2022-03-22T07:56:26+00:00\",\"dateModified\":\"2025-12-01T10:53:20+00:00\",\"description\":\"Me olemme Efterklang \u2013 Autamme kaikissa akustiikkaan, meluon, t\u00e4rin\u00e4\u00e4n ja \u00e4\u00e4nisuunnitteluun liittyviss\u00e4 kysymyksiss\u00e4.\",\"breadcrumb\":{\"@id\":\"https:\/\/efterklang.org\/fi\/#breadcrumb\"},\"inLanguage\":\"fi\",\"potentialAction\":[{\"@type\":\"ReadAction\",\"target\":[\"https:\/\/efterklang.org\/fi\/\"]}]},{\"@type\":\"BreadcrumbList\",\"@id\":\"https:\/\/efterklang.org\/fi\/#breadcrumb\",\"itemListElement\":[{\"@type\":\"ListItem\",\"position\":1,\"name\":\"Home\",\"item\":\"https:\/\/efterklang.org\/fi\/\"},{\"@type\":\"ListItem\",\"position\":2,\"name\":\"Etusivu\"}]},{\"@type\":\"WebSite\",\"@id\":\"https:\/\/efterklang.org\/#website\",\"url\":\"https:\/\/efterklang.org\/\",\"name\":\"Efterklang\",\"description\":\"Site by basta-kompisar\",\"publisher\":{\"@id\":\"https:\/\/efterklang.org\/#organization\"},\"potentialAction\":[{\"@type\":\"SearchAction\",\"target\":{\"@type\":\"EntryPoint\",\"urlTemplate\":\"https:\/\/efterklang.org\/?s={search_term_string}\"},\"query-input\":\"required name=search_term_string\"}],\"inLanguage\":\"fi\"},{\"@type\":\"Organization\",\"@id\":\"https:\/\/efterklang.org\/#organization\",\"name\":\"Efterklang\",\"url\":\"https:\/\/efterklang.org\/\",\"logo\":{\"@type\":\"ImageObject\",\"inLanguage\":\"fi\",\"@id\":\"https:\/\/efterklang.org\/#\/schema\/logo\/image\/\",\"url\":\"https:\/\/efterklang.org\/wp-content\/uploads\/2021\/10\/Asset-25.svg\",\"contentUrl\":\"https:\/\/efterklang.org\/wp-content\/uploads\/2021\/10\/Asset-25.svg\",\"caption\":\"Efterklang\"},\"image\":{\"@id\":\"https:\/\/efterklang.org\/#\/schema\/logo\/image\/\"}}]}<\/script>\n<!-- \/ Yoast SEO plugin. -->","yoast_head_json":{"title":"Etusivu - Efterklang","description":"Me olemme Efterklang \u2013 Autamme kaikissa akustiikkaan, meluon, t\u00e4rin\u00e4\u00e4n ja \u00e4\u00e4nisuunnitteluun liittyviss\u00e4 kysymyksiss\u00e4.","robots":{"index":"index","follow":"follow","max-snippet":"max-snippet:-1","max-image-preview":"max-image-preview:large","max-video-preview":"max-video-preview:-1"},"canonical":"https:\/\/efterklang.org\/fi\/","og_locale":"fi_FI","og_type":"article","og_title":"Etusivu - Efterklang","og_description":"Me olemme Efterklang \u2013 Autamme kaikissa akustiikkaan, meluon, t\u00e4rin\u00e4\u00e4n ja \u00e4\u00e4nisuunnitteluun liittyviss\u00e4 kysymyksiss\u00e4.","og_url":"https:\/\/efterklang.org\/fi\/","og_site_name":"Efterklang","article_modified_time":"2025-12-01T10:53:20+00:00","twitter_card":"summary_large_image","schema":{"@context":"https:\/\/schema.org","@graph":[{"@type":"WebPage","@id":"https:\/\/efterklang.org\/fi\/","url":"https:\/\/efterklang.org\/fi\/","name":"Etusivu - Efterklang","isPartOf":{"@id":"https:\/\/efterklang.org\/#website"},"datePublished":"2022-03-22T07:56:26+00:00","dateModified":"2025-12-01T10:53:20+00:00","description":"Me olemme Efterklang \u2013 Autamme kaikissa akustiikkaan, meluon, t\u00e4rin\u00e4\u00e4n ja \u00e4\u00e4nisuunnitteluun liittyviss\u00e4 kysymyksiss\u00e4.","breadcrumb":{"@id":"https:\/\/efterklang.org\/fi\/#breadcrumb"},"inLanguage":"fi","potentialAction":[{"@type":"ReadAction","target":["https:\/\/efterklang.org\/fi\/"]}]},{"@type":"BreadcrumbList","@id":"https:\/\/efterklang.org\/fi\/#breadcrumb","itemListElement":[{"@type":"ListItem","position":1,"name":"Home","item":"https:\/\/efterklang.org\/fi\/"},{"@type":"ListItem","position":2,"name":"Etusivu"}]},{"@type":"WebSite","@id":"https:\/\/efterklang.org\/#website","url":"https:\/\/efterklang.org\/","name":"Efterklang","description":"Site by basta-kompisar","publisher":{"@id":"https:\/\/efterklang.org\/#organization"},"potentialAction":[{"@type":"SearchAction","target":{"@type":"EntryPoint","urlTemplate":"https:\/\/efterklang.org\/?s={search_term_string}"},"query-input":"required name=search_term_string"}],"inLanguage":"fi"},{"@type":"Organization","@id":"https:\/\/efterklang.org\/#organization","name":"Efterklang","url":"https:\/\/efterklang.org\/","logo":{"@type":"ImageObject","inLanguage":"fi","@id":"https:\/\/efterklang.org\/#\/schema\/logo\/image\/","url":"https:\/\/efterklang.org\/wp-content\/uploads\/2021\/10\/Asset-25.svg","contentUrl":"https:\/\/efterklang.org\/wp-content\/uploads\/2021\/10\/Asset-25.svg","caption":"Efterklang"},"image":{"@id":"https:\/\/efterklang.org\/#\/schema\/logo\/image\/"}}]}},"_links":{"self":[{"href":"https:\/\/efterklang.org\/fi\/wp-json\/wp\/v2\/pages\/6964","targetHints":{"allow":["GET"]}}],"collection":[{"href":"https:\/\/efterklang.org\/fi\/wp-json\/wp\/v2\/pages"}],"about":[{"href":"https:\/\/efterklang.org\/fi\/wp-json\/wp\/v2\/types\/page"}],"author":[{"embeddable":true,"href":"https:\/\/efterklang.org\/fi\/wp-json\/wp\/v2\/users\/2"}],"replies":[{"embeddable":true,"href":"https:\/\/efterklang.org\/fi\/wp-json\/wp\/v2\/comments?post=6964"}],"version-history":[{"count":10,"href":"https:\/\/efterklang.org\/fi\/wp-json\/wp\/v2\/pages\/6964\/revisions"}],"predecessor-version":[{"id":14953,"href":"https:\/\/efterklang.org\/fi\/wp-json\/wp\/v2\/pages\/6964\/revisions\/14953"}],"wp:attachment":[{"href":"https:\/\/efterklang.org\/fi\/wp-json\/wp\/v2\/media?parent=6964"}],"curies":[{"name":"wp","href":"https:\/\/api.w.org\/{rel}","templated":true}]}}