{"id":6962,"date":"2022-03-22T08:53:39","date_gmt":"2022-03-22T07:53:39","guid":{"rendered":"https:\/\/efterklang.org\/ota-yhteytta\/"},"modified":"2023-04-04T10:36:00","modified_gmt":"2023-04-04T08:36:00","slug":"ota-yhteytta","status":"publish","type":"page","link":"https:\/\/efterklang.org\/fi\/ota-yhteytta\/","title":{"rendered":"Ota yhteytt\u00e4"},"content":{"rendered":"<p><strong>Toteutamme projekteja ymp\u00e4ri maailman Suomessa, Tanskassa, Norjassa, Ruotsissa ja Alankomaissa sijaitsevien toimistojemme kautta. Ota meihin rohkeasti yhteytt\u00e4. Autamme mielell\u00e4mme kaikissa \u00e4\u00e4neen, meluun ja t\u00e4rin\u00e4\u00e4n liittyviss\u00e4 asioissa.<\/strong><\/p>\n","protected":false},"excerpt":{"rendered":"<p>Toteutamme projekteja ymp\u00e4ri maailman Suomessa, Tanskassa, Norjassa, Ruotsissa ja Alankomaissa sijaitsevien toimistojemme kautta. Ota meihin rohkeasti yhteytt\u00e4. Autamme mielell\u00e4mme kaikissa \u00e4\u00e4neen, meluun ja t\u00e4rin\u00e4\u00e4n liittyviss\u00e4 asioissa.<\/p>\n","protected":false},"author":2,"featured_media":0,"parent":0,"menu_order":0,"comment_status":"closed","ping_status":"closed","template":"templates\/template-contact.php","meta":{"_acf_changed":false,"footnotes":""},"class_list":["post-6962","page","type-page","status-publish","hentry"],"acf":[],"yoast_head":"<!-- This site is optimized with the Yoast SEO plugin v22.1 - https:\/\/yoast.com\/wordpress\/plugins\/seo\/ -->\n<title>Ota yhteytt\u00e4 - Efterklang<\/title>\n<meta name=\"description\" content=\"Ota meihin rohkeasti yhteytt\u00e4. Autamme mielell\u00e4mme kaikissa \u00e4\u00e4neen, meluun ja t\u00e4rin\u00e4\u00e4n liittyviss\u00e4 asioissa.\" \/>\n<meta name=\"robots\" content=\"index, follow, max-snippet:-1, max-image-preview:large, max-video-preview:-1\" \/>\n<link rel=\"canonical\" href=\"https:\/\/efterklang.org\/ota-yhteytta\/?lang=fi\" \/>\n<meta property=\"og:locale\" content=\"fi_FI\" \/>\n<meta property=\"og:type\" content=\"article\" \/>\n<meta property=\"og:title\" content=\"Ota yhteytt\u00e4 - Efterklang\" \/>\n<meta property=\"og:description\" content=\"Ota meihin rohkeasti yhteytt\u00e4. Autamme mielell\u00e4mme kaikissa \u00e4\u00e4neen, meluun ja t\u00e4rin\u00e4\u00e4n liittyviss\u00e4 asioissa.\" \/>\n<meta property=\"og:url\" content=\"https:\/\/efterklang.org\/ota-yhteytta\/?lang=fi\" \/>\n<meta property=\"og:site_name\" content=\"Efterklang\" \/>\n<meta property=\"article:modified_time\" content=\"2023-04-04T08:36:00+00:00\" \/>\n<meta name=\"twitter:card\" content=\"summary_large_image\" \/>\n<script type=\"application\/ld+json\" class=\"yoast-schema-graph\">{\"@context\":\"https:\/\/schema.org\",\"@graph\":[{\"@type\":\"WebPage\",\"@id\":\"https:\/\/efterklang.org\/ota-yhteytta\/?lang=fi\",\"url\":\"https:\/\/efterklang.org\/ota-yhteytta\/?lang=fi\",\"name\":\"Ota yhteytt\u00e4 - Efterklang\",\"isPartOf\":{\"@id\":\"https:\/\/efterklang.org\/#website\"},\"datePublished\":\"2022-03-22T07:53:39+00:00\",\"dateModified\":\"2023-04-04T08:36:00+00:00\",\"description\":\"Ota meihin rohkeasti yhteytt\u00e4. Autamme mielell\u00e4mme kaikissa \u00e4\u00e4neen, meluun ja t\u00e4rin\u00e4\u00e4n liittyviss\u00e4 asioissa.\",\"breadcrumb\":{\"@id\":\"https:\/\/efterklang.org\/ota-yhteytta\/?lang=fi#breadcrumb\"},\"inLanguage\":\"fi\",\"potentialAction\":[{\"@type\":\"ReadAction\",\"target\":[\"https:\/\/efterklang.org\/ota-yhteytta\/?lang=fi\"]}]},{\"@type\":\"BreadcrumbList\",\"@id\":\"https:\/\/efterklang.org\/ota-yhteytta\/?lang=fi#breadcrumb\",\"itemListElement\":[{\"@type\":\"ListItem\",\"position\":1,\"name\":\"Home\",\"item\":\"https:\/\/efterklang.org\/fi\/\"},{\"@type\":\"ListItem\",\"position\":2,\"name\":\"Ota yhteytt\u00e4\"}]},{\"@type\":\"WebSite\",\"@id\":\"https:\/\/efterklang.org\/#website\",\"url\":\"https:\/\/efterklang.org\/\",\"name\":\"Efterklang\",\"description\":\"Site by basta-kompisar\",\"publisher\":{\"@id\":\"https:\/\/efterklang.org\/#organization\"},\"potentialAction\":[{\"@type\":\"SearchAction\",\"target\":{\"@type\":\"EntryPoint\",\"urlTemplate\":\"https:\/\/efterklang.org\/?s={search_term_string}\"},\"query-input\":\"required name=search_term_string\"}],\"inLanguage\":\"fi\"},{\"@type\":\"Organization\",\"@id\":\"https:\/\/efterklang.org\/#organization\",\"name\":\"Efterklang\",\"url\":\"https:\/\/efterklang.org\/\",\"logo\":{\"@type\":\"ImageObject\",\"inLanguage\":\"fi\",\"@id\":\"https:\/\/efterklang.org\/#\/schema\/logo\/image\/\",\"url\":\"https:\/\/efterklang.org\/wp-content\/uploads\/2021\/10\/Asset-25.svg\",\"contentUrl\":\"https:\/\/efterklang.org\/wp-content\/uploads\/2021\/10\/Asset-25.svg\",\"caption\":\"Efterklang\"},\"image\":{\"@id\":\"https:\/\/efterklang.org\/#\/schema\/logo\/image\/\"}}]}<\/script>\n<!-- \/ Yoast SEO plugin. -->","yoast_head_json":{"title":"Ota yhteytt\u00e4 - Efterklang","description":"Ota meihin rohkeasti yhteytt\u00e4. Autamme mielell\u00e4mme kaikissa \u00e4\u00e4neen, meluun ja t\u00e4rin\u00e4\u00e4n liittyviss\u00e4 asioissa.","robots":{"index":"index","follow":"follow","max-snippet":"max-snippet:-1","max-image-preview":"max-image-preview:large","max-video-preview":"max-video-preview:-1"},"canonical":"https:\/\/efterklang.org\/ota-yhteytta\/?lang=fi","og_locale":"fi_FI","og_type":"article","og_title":"Ota yhteytt\u00e4 - Efterklang","og_description":"Ota meihin rohkeasti yhteytt\u00e4. Autamme mielell\u00e4mme kaikissa \u00e4\u00e4neen, meluun ja t\u00e4rin\u00e4\u00e4n liittyviss\u00e4 asioissa.","og_url":"https:\/\/efterklang.org\/ota-yhteytta\/?lang=fi","og_site_name":"Efterklang","article_modified_time":"2023-04-04T08:36:00+00:00","twitter_card":"summary_large_image","schema":{"@context":"https:\/\/schema.org","@graph":[{"@type":"WebPage","@id":"https:\/\/efterklang.org\/ota-yhteytta\/?lang=fi","url":"https:\/\/efterklang.org\/ota-yhteytta\/?lang=fi","name":"Ota yhteytt\u00e4 - Efterklang","isPartOf":{"@id":"https:\/\/efterklang.org\/#website"},"datePublished":"2022-03-22T07:53:39+00:00","dateModified":"2023-04-04T08:36:00+00:00","description":"Ota meihin rohkeasti yhteytt\u00e4. Autamme mielell\u00e4mme kaikissa \u00e4\u00e4neen, meluun ja t\u00e4rin\u00e4\u00e4n liittyviss\u00e4 asioissa.","breadcrumb":{"@id":"https:\/\/efterklang.org\/ota-yhteytta\/?lang=fi#breadcrumb"},"inLanguage":"fi","potentialAction":[{"@type":"ReadAction","target":["https:\/\/efterklang.org\/ota-yhteytta\/?lang=fi"]}]},{"@type":"BreadcrumbList","@id":"https:\/\/efterklang.org\/ota-yhteytta\/?lang=fi#breadcrumb","itemListElement":[{"@type":"ListItem","position":1,"name":"Home","item":"https:\/\/efterklang.org\/fi\/"},{"@type":"ListItem","position":2,"name":"Ota yhteytt\u00e4"}]},{"@type":"WebSite","@id":"https:\/\/efterklang.org\/#website","url":"https:\/\/efterklang.org\/","name":"Efterklang","description":"Site by basta-kompisar","publisher":{"@id":"https:\/\/efterklang.org\/#organization"},"potentialAction":[{"@type":"SearchAction","target":{"@type":"EntryPoint","urlTemplate":"https:\/\/efterklang.org\/?s={search_term_string}"},"query-input":"required name=search_term_string"}],"inLanguage":"fi"},{"@type":"Organization","@id":"https:\/\/efterklang.org\/#organization","name":"Efterklang","url":"https:\/\/efterklang.org\/","logo":{"@type":"ImageObject","inLanguage":"fi","@id":"https:\/\/efterklang.org\/#\/schema\/logo\/image\/","url":"https:\/\/efterklang.org\/wp-content\/uploads\/2021\/10\/Asset-25.svg","contentUrl":"https:\/\/efterklang.org\/wp-content\/uploads\/2021\/10\/Asset-25.svg","caption":"Efterklang"},"image":{"@id":"https:\/\/efterklang.org\/#\/schema\/logo\/image\/"}}]}},"_links":{"self":[{"href":"https:\/\/efterklang.org\/fi\/wp-json\/wp\/v2\/pages\/6962","targetHints":{"allow":["GET"]}}],"collection":[{"href":"https:\/\/efterklang.org\/fi\/wp-json\/wp\/v2\/pages"}],"about":[{"href":"https:\/\/efterklang.org\/fi\/wp-json\/wp\/v2\/types\/page"}],"author":[{"embeddable":true,"href":"https:\/\/efterklang.org\/fi\/wp-json\/wp\/v2\/users\/2"}],"replies":[{"embeddable":true,"href":"https:\/\/efterklang.org\/fi\/wp-json\/wp\/v2\/comments?post=6962"}],"version-history":[{"count":8,"href":"https:\/\/efterklang.org\/fi\/wp-json\/wp\/v2\/pages\/6962\/revisions"}],"predecessor-version":[{"id":11008,"href":"https:\/\/efterklang.org\/fi\/wp-json\/wp\/v2\/pages\/6962\/revisions\/11008"}],"wp:attachment":[{"href":"https:\/\/efterklang.org\/fi\/wp-json\/wp\/v2\/media?parent=6962"}],"curies":[{"name":"wp","href":"https:\/\/api.w.org\/{rel}","templated":true}]}}